{"id":469,"date":"2026-03-02T11:56:25","date_gmt":"2026-03-02T10:56:25","guid":{"rendered":"https:\/\/casasterramar.com\/politica-de-cookies\/"},"modified":"2026-03-11T18:56:42","modified_gmt":"2026-03-11T17:56:42","slug":"cookie-richtlinie","status":"publish","type":"page","link":"https:\/\/casasterramar.com\/de\/cookie-richtlinie\/","title":{"rendered":"Cookie-Richtlinie"},"content":{"rendered":"<div class=\"et_pb_section_0 et_pb_section et_section_regular et_block_section\">\n<div class=\"et_pb_row_0 et_pb_row et_block_row\">\n<div class=\"et_pb_column_0 et_pb_column et_pb_column_4_4 et-last-child et_block_column et_pb_css_mix_blend_mode_passthrough\">\n<div class=\"et_pb_text_0 et_pb_text et_pb_bg_layout_light et_pb_module et_flex_module\"><div class=\"et_pb_text_inner\"><h2>COOKIE-RICHTLINIE<\/h2>\n<p>&nbsp;<\/p>\n<h2>Informationen zu Cookies<\/h2>\n<p>Cookies sind Dateien, die \u00fcber Webseiten auf Ihren Computer heruntergeladen werden k\u00f6nnen. Sie sind unerl\u00e4sslich f\u00fcr viele Dienste der den Informationen zugrunde liegenden Gesellschaft. Unter anderem erm\u00f6glichen sie einer Webseite, Informationen \u00fcber das Surfverhalten eines Nutzers oder dessen Computer zu speichern und abzurufen. Je nach den gewonnenen Informationen k\u00f6nnen sie dazu verwendet werden, den Nutzer wiederzuerkennen und den angebotenen Service zu verbessern.<\/p>\n<h2>Google Website-Statistiken<\/h2>\n<p>Je nachdem, welche Stelle die Domain verwaltet, von der die Cookies gesendet werden, und die gewonnenen Daten verarbeitet, lassen sich zwei Arten unterscheiden: Erstanbieter-Cookies und Drittanbieter-Cookies. Eine weitere Klassifizierung basiert auf der Speicherdauer im Browser des Nutzers: Es gibt Sitzungs-Cookies und dauerhafte Cookies. Schlie\u00dflich gibt es eine weitere Klassifizierung mit f\u00fcnf Arten von Cookies, basierend auf dem Zweck der Datenverarbeitung: technische Cookies, Personalisierungs-Cookies, Analyse-Cookies, Werbe-Cookies und Cookies f\u00fcr verhaltensbasierte Werbung.<\/p>\n<h2>Auf dieser Website verwendete Cookies<\/h2>\n<p>Die auf dieser Website verwendeten Cookies werden im Folgenden zusammen mit ihrer Art und Funktion beschrieben: Ein technischer Erstanbieter-Cookie namens PHPSESSID, der f\u00fcr die korrekte Navigation auf den Webseiten erforderlich ist. Google Analytics-Cookies, ein Webanalysedienst von Google, der die Messung und Analyse der Website-Navigation erm\u00f6glicht. M\u00f6glicherweise sehen Sie vier Cookies dieses Dienstes in Ihrem Browser. Gem\u00e4\u00df der obigen Klassifizierung handelt es sich dabei um Erstanbieter-, Sitzungs- und Analyse-Cookies. Weitere Informationen hierzu und die M\u00f6glichkeit, die Verwendung dieser Cookies zu deaktivieren, finden Sie unter: <a href=\"http:\/\/www.google.es\/intl\/es_ALL\/analytics\/learn\/privacy.html\" target=\"_blank\" rel=\"noopener\">http:\/\/www.google.es\/intl\/es_ALL\/analytics\/learn\/privacy.html<\/a>. Die Webanalyse erfasst keine personenbezogenen Daten und gew\u00e4hrleistet somit die Privatsph\u00e4re der Website-Besucher. Die gesammelten Informationen beziehen sich auf die Anzahl der Website-Besucher, die Anzahl der aufgerufenen Seiten, die H\u00e4ufigkeit und Dauer der Besuche, den verwendeten Browser, den Internetanbieter, die Sprache, das verwendete Ger\u00e4t und den Standort der IP-Adresse. Mithilfe dieser Informationen kann dieses Portal Ihnen einen besseren und passenderen Service bieten.<\/p>\n<h2>So \u00e4ndern Sie Ihre Cookie-Einstellungen<\/h2>\n<p>Sie k\u00f6nnen Cookies von dieser oder anderen Websites \u00fcber Ihren Browser einschr\u00e4nken, blockieren oder l\u00f6schen. Die Vorgehensweise ist browserabh\u00e4ngig; die Hilfefunktion erkl\u00e4rt Ihnen, wie.<\/p>\n<ul>\n<li><a href=\"http:\/\/windows.microsoft.com\/es-xl\/internet-explorer\/delete-manage-cookies#ie=ie-10\" target=\"_blank\" rel=\"noopener\">Internet Explorer<\/a><\/li>\n<li><a href=\"https:\/\/support.mozilla.org\/es\/kb\/Borrar%20cookies\" target=\"_blank\" rel=\"noopener\">Firefox<\/a><\/li>\n<li><a href=\"https:\/\/support.google.com\/chrome\/answer\/95647?hl=es\" target=\"_blank\" rel=\"noopener\">Google Chrome<\/a><\/li>\n<li><a href=\"https:\/\/www.youtube.com\/watch?v=gdfxTPW8eOo\" target=\"_blank\" rel=\"noopener\">Google Chrome konfigurieren (Video)<\/a><\/li>\n<\/ul>\n<p>&nbsp;<\/p>\n<\/div><\/div>\n<\/div>\n<\/div>\n<\/div>\n\n<div class=\"et_pb_section_1 et_pb_section et_section_regular et_block_section\"><div class=\"et_pb_row_1 et_pb_row et_block_row\"><div class=\"et_pb_column_1 et_pb_column et_pb_column_4_4 et-last-child et_block_column et_pb_css_mix_blend_mode_passthrough\"><div class=\"et_pb_image_0 et_pb_image et_pb_module et_flex_module\"><span class=\"et_pb_image_wrap\"><img loading=\"lazy\" decoding=\"async\" src=\"https:\/\/casasterramar.com\/wp-content\/uploads\/2026\/02\/CASAS-TERRAMAR.webp\" title=\"CASAS-TERRAMAR\" width=\"600\" height=\"122\" srcset=\"https:\/\/casasterramar.com\/wp-content\/uploads\/2026\/02\/CASAS-TERRAMAR.webp 600w, https:\/\/casasterramar.com\/wp-content\/uploads\/2026\/02\/CASAS-TERRAMAR-480x98.webp 480w\" sizes=\"(min-width: 0px) and (max-width: 480px) 480px, (min-width: 481px) 600px, 100vw\" class=\"wp-image-9\" \/><\/span><\/div><\/div><\/div><div class=\"et_pb_row_2 et_pb_row et_flex_row\"><div class=\"et_pb_column_2 et_pb_column et_flex_column et_pb_css_mix_blend_mode_passthrough et_flex_column_6_24 et_flex_column_12_24_tablet et_flex_column_24_24_phone\"><div class=\"et_pb_text_1 et_pb_text et_pb_bg_layout_dark et_pb_module et_block_module preset--module--divi-text--79976ab3-af39-461d-9804-fab46e287c9a\"><div class=\"et_pb_text_inner\"><h5>FERTIGH\u00c4USER<\/h5>\n<\/div><\/div><div class=\"et_pb_text_2 et_pb_text et_pb_bg_layout_light et_pb_module et_flex_module\"><div class=\"et_pb_text_inner\"><p>Bei Casas Terramar bieten wir Ihnen Ihr Fertighaus aus hochwertigen Materialien mit Energieeffizienz und maximaler Haltbarkeit.<br \/>Voll ausgestattete H\u00e4user mit einfacher Installation.<\/p>\n<\/div><\/div><\/div><div class=\"et_pb_column_3 et_pb_column et_flex_column et_pb_css_mix_blend_mode_passthrough et_flex_column_6_24 et_flex_column_12_24_tablet et_flex_column_24_24_phone\"><div class=\"et_pb_text_3 et_pb_text et_pb_bg_layout_dark et_pb_module et_block_module preset--module--divi-text--79976ab3-af39-461d-9804-fab46e287c9a\"><div class=\"et_pb_text_inner\"><h5>SCHNELLZUGRIFF<\/h5>\n<\/div><\/div><ul class=\"et_pb_icon_list_0 et_pb_icon_list et_pb_module et_flex_module\"><li class=\"et_pb_icon_list_item_0 et_pb_icon_list_item et_pb_module et_clickable et_flex_module\"><span class=\"et-pb-icon\">I<\/span><div class=\"et_pb_icon_list_text\">MODELLE<\/div><\/li><li class=\"et_pb_icon_list_item_1 et_pb_icon_list_item et_pb_module et_clickable et_flex_module\"><span class=\"et-pb-icon\">I<\/span><div class=\"et_pb_icon_list_text\">H\u00c4UFIG GESTELLTE FRAGEN<\/div><\/li><li class=\"et_pb_icon_list_item_2 et_pb_icon_list_item et_pb_module et_clickable et_flex_module\"><span class=\"et-pb-icon\">I<\/span><div class=\"et_pb_icon_list_text\">GALERIE<\/div><\/li><li class=\"et_pb_icon_list_item_3 et_pb_icon_list_item et_pb_module et_clickable et_flex_module\"><span class=\"et-pb-icon\">I<\/span><div class=\"et_pb_icon_list_text\">KONTAKT<\/div><\/li><\/ul><\/div><div class=\"et_pb_column_4 et_pb_column et_flex_column et_pb_css_mix_blend_mode_passthrough et_flex_column_6_24 et_flex_column_12_24_tablet et_flex_column_24_24_phone\"><div class=\"et_pb_text_4 et_pb_text et_pb_bg_layout_dark et_pb_module et_block_module preset--module--divi-text--79976ab3-af39-461d-9804-fab46e287c9a\"><div class=\"et_pb_text_inner\"><h5>RECHTLICHES<\/h5>\n<\/div><\/div><ul class=\"et_pb_icon_list_1 et_pb_icon_list et_pb_module et_clickable et_flex_module\"><li class=\"et_pb_icon_list_item_4 et_pb_icon_list_item et_pb_module et_clickable et_flex_module\"><span class=\"et-pb-icon\">I<\/span><div class=\"et_pb_icon_list_text\">Datenschutzerkl\u00e4rung<\/div><\/li><li class=\"et_pb_icon_list_item_5 et_pb_icon_list_item et_pb_module et_clickable et_flex_module\"><span class=\"et-pb-icon\">I<\/span><div class=\"et_pb_icon_list_text\">Cookie-Richtlinie<\/div><\/li><li class=\"et_pb_icon_list_item_6 et_pb_icon_list_item et_pb_module et_clickable et_flex_module\"><span class=\"et-pb-icon\">I<\/span><div class=\"et_pb_icon_list_text\">Rechtshinweis<\/div><\/li><\/ul><\/div><div class=\"et_pb_column_5 et_pb_column et-last-child et_flex_column et_pb_css_mix_blend_mode_passthrough et_flex_column_6_24 et_flex_column_12_24_tablet et_flex_column_24_24_phone\"><div class=\"et_pb_text_5 et_pb_text et_pb_bg_layout_dark et_pb_module et_block_module preset--module--divi-text--79976ab3-af39-461d-9804-fab46e287c9a\"><div class=\"et_pb_text_inner\"><h5>KONTAKT<\/h5>\n<\/div><\/div><ul class=\"et_pb_icon_list_2 et_pb_icon_list et_pb_module et_flex_module\"><li class=\"et_pb_icon_list_item_7 et_pb_icon_list_item et_pb_module et_flex_module\"><span class=\"et-pb-icon\">\uf879<\/span><div class=\"et_pb_icon_list_text\">+34 607 88 77 42<\/div><\/li><li class=\"et_pb_icon_list_item_8 et_pb_icon_list_item et_pb_module et_clickable et_flex_module\"><span class=\"et-pb-icon\">\ue076<\/span><div class=\"et_pb_icon_list_text\">info@casasterramar.com<\/div><\/li><li class=\"et_pb_icon_list_item_9 et_pb_icon_list_item et_pb_module et_clickable et_flex_module\"><span class=\"et-pb-icon\">\uf2bb<\/span><div class=\"et_pb_icon_list_text\">Kontaktformular<\/div><\/li><li class=\"et_pb_icon_list_item_10 et_pb_icon_list_item et_pb_module et_flex_module\"><span class=\"et-pb-icon\">\uf3c5<\/span><div class=\"et_pb_icon_list_text\">Paseo Ladrillares, 41 bajo 46780 Oliva (Valencia)<\/div><\/li><\/ul><\/div><\/div><\/div>","protected":false},"excerpt":{"rendered":"","protected":false},"author":1,"featured_media":0,"parent":0,"menu_order":0,"comment_status":"closed","ping_status":"closed","template":"","meta":{"footnotes":""},"class_list":["post-469","page","type-page","status-publish","hentry"],"_links":{"self":[{"href":"https:\/\/casasterramar.com\/de\/wp-json\/wp\/v2\/pages\/469","targetHints":{"allow":["GET"]}}],"collection":[{"href":"https:\/\/casasterramar.com\/de\/wp-json\/wp\/v2\/pages"}],"about":[{"href":"https:\/\/casasterramar.com\/de\/wp-json\/wp\/v2\/types\/page"}],"author":[{"embeddable":true,"href":"https:\/\/casasterramar.com\/de\/wp-json\/wp\/v2\/users\/1"}],"replies":[{"embeddable":true,"href":"https:\/\/casasterramar.com\/de\/wp-json\/wp\/v2\/comments?post=469"}],"version-history":[{"count":1,"href":"https:\/\/casasterramar.com\/de\/wp-json\/wp\/v2\/pages\/469\/revisions"}],"predecessor-version":[{"id":683,"href":"https:\/\/casasterramar.com\/de\/wp-json\/wp\/v2\/pages\/469\/revisions\/683"}],"wp:attachment":[{"href":"https:\/\/casasterramar.com\/de\/wp-json\/wp\/v2\/media?parent=469"}],"curies":[{"name":"wp","href":"https:\/\/api.w.org\/{rel}","templated":true}]}}