{"id":466,"date":"2026-03-04T18:24:33","date_gmt":"2026-03-04T17:24:33","guid":{"rendered":"https:\/\/casasterramar.com\/modelle\/remolque\/"},"modified":"2026-03-10T14:36:36","modified_gmt":"2026-03-10T13:36:36","slug":"anhanger","status":"publish","type":"page","link":"https:\/\/casasterramar.com\/de\/modelle\/anhanger\/","title":{"rendered":"Anh\u00e4nger"},"content":{"rendered":"<div class=\"et_pb_section_0 et_pb_section et_section_regular et_block_section preset--module--divi-section--f2212392-b96a-4227-9b9d-7fc75c71ed21\">\n<div class=\"et_pb_row_0 et_pb_row et_block_row preset--module--divi-row--1558413a-cabc-43ae-aee1-915e11673859\">\n<div class=\"et_pb_column_0 et_pb_column et_pb_column_4_4 et-last-child et_block_column et_pb_css_mix_blend_mode_passthrough\">\n<div class=\"et_pb_heading_0 et_pb_heading et_pb_module et_block_module preset--module--divi-heading--119be2d5-1767-41cf-b4e2-2f68ae14059b\"><div class=\"et_pb_heading_container\"><h4 class=\"et_pb_module_header\">Fertighaus<\/h4><\/div><\/div>\n\n<div class=\"et_pb_heading_1 et_pb_heading et_pb_module et_block_module preset--module--divi-heading--a234c78d-a693-48de-badc-1e0490d74382\"><div class=\"et_pb_heading_container\"><h1 class=\"et_pb_module_header\">Anh\u00e4nger<\/h1><\/div><\/div>\n<\/div>\n<\/div>\n<\/div>\n\n<div class=\"et_pb_section_1 et_pb_section et_section_regular et_flex_section\">\n<div class=\"et_pb_row_1 et_pb_row et_pb_row_4col et_pb_gutters1 et_block_row et_block_row_4col preset--module--divi-row--1558413a-cabc-43ae-aee1-915e11673859\">\n<div class=\"et_pb_column_1 et_pb_column et_pb_column_1_4 et_block_column et_pb_css_mix_blend_mode_passthrough et_clickable preset--module--divi-column--9d06fd27-03cf-472f-9797-8b8ba8934f24\">\n<div class=\"et_pb_icon_0 et_pb_icon et_pb_module et_block_module\"><span class=\"et_pb_icon_wrap\"><span class=\"et-pb-icon\">\uf651<\/span><\/span><\/div>\n\n<div class=\"et_pb_heading_2 et_pb_heading et_pb_module et_block_module preset--module--divi-heading--119be2d5-1767-41cf-b4e2-2f68ae14059b\"><div class=\"et_pb_heading_container\"><h4 class=\"et_pb_module_header\">Ab 4.900 \u20ac + MwSt. *<\/h4><\/div><\/div>\n<\/div>\n\n<div class=\"et_pb_column_2 et_pb_column et_pb_column_1_4 et_block_column et_pb_css_mix_blend_mode_passthrough et_clickable preset--module--divi-column--9d06fd27-03cf-472f-9797-8b8ba8934f24\">\n<div class=\"et_pb_icon_1 et_pb_icon et_pb_module et_block_module\"><span class=\"et_pb_icon_wrap\"><span class=\"et-pb-icon\">\ue065<\/span><\/span><\/div>\n\n<div class=\"et_pb_heading_3 et_pb_heading et_pb_module et_block_module preset--module--divi-heading--119be2d5-1767-41cf-b4e2-2f68ae14059b\"><div class=\"et_pb_heading_container\"><h4 class=\"et_pb_module_header\">FERTIGHAUS-SONDERZUBEH\u00d6R<\/h4><\/div><\/div>\n<\/div>\n\n<div class=\"et_pb_column_3 et_pb_column et_pb_column_1_4 et_block_column et_pb_css_mix_blend_mode_passthrough et_clickable preset--module--divi-column--9d06fd27-03cf-472f-9797-8b8ba8934f24\">\n<div class=\"et_pb_icon_2 et_pb_icon et_pb_module et_block_module\"><span class=\"et_pb_icon_wrap\"><span class=\"et-pb-icon\">\uf35d<\/span><\/span><\/div>\n\n<div class=\"et_pb_heading_4 et_pb_heading et_pb_module et_block_module preset--module--divi-heading--119be2d5-1767-41cf-b4e2-2f68ae14059b\"><div class=\"et_pb_heading_container\"><h4 class=\"et_pb_module_header\">AUSZIEHBAR<\/h4><\/div><\/div>\n<\/div>\n\n<div class=\"et_pb_column_4 et_pb_column et_pb_column_1_4 et-last-child et_block_column et_pb_css_mix_blend_mode_passthrough et_clickable preset--module--divi-column--76998815-672d-40f7-a9e0-4cf95f2d4a2d\">\n<div class=\"et_pb_icon_3 et_pb_icon et_pb_module et_block_module\"><span class=\"et_pb_icon_wrap\"><span class=\"et-pb-icon\">\uf005<\/span><\/span><\/div>\n\n<div class=\"et_pb_heading_5 et_pb_heading et_pb_module et_block_module preset--module--divi-heading--119be2d5-1767-41cf-b4e2-2f68ae14059b\"><div class=\"et_pb_heading_container\"><h4 class=\"et_pb_module_header\">OPTIONAL<\/h4><\/div><\/div>\n<\/div>\n<\/div>\n<\/div>\n\n<div class=\"et_pb_section_2 et_pb_section et_section_regular et_block_section\">\n<div class=\"et_pb_row_2 et_pb_row et_block_row preset--module--divi-row--1558413a-cabc-43ae-aee1-915e11673859\">\n<div class=\"et_pb_column_5 et_pb_column et_pb_column_4_4 et-last-child et_block_column et_pb_css_mix_blend_mode_passthrough\">\n<div class=\"et_pb_heading_6 et_pb_heading et_pb_module et_block_module preset--module--divi-heading--90e142ce-bc18-4c52-8803-8f57fece6c4f\"><div class=\"et_pb_heading_container\"><h1 class=\"et_pb_module_header\">Anh\u00e4nger<\/h1><\/div><\/div>\n\n<div class=\"et_pb_text_0 et_pb_text et_pb_bg_layout_light et_pb_module et_flex_module\"><div class=\"et_pb_text_inner\"><p>Anh\u00e4nger f\u00fcr jedes unserer Fertighausmodelle.<\/p>\n<\/div><\/div>\n<\/div>\n<\/div>\n<\/div>\n\n<div class=\"et_pb_section_3 et_pb_section et_section_regular et_flex_section\">\n<div class=\"et_pb_row_3 et_pb_row et_flex_row\">\n<div class=\"et_pb_column_6 et_pb_column et-last-child et_flex_column et_pb_css_mix_blend_mode_passthrough et_flex_column_24_24 et_flex_column_24_24_tablet et_flex_column_24_24_phone\">\n<div class=\"et_pb_text_1 et_pb_text et_pb_bg_layout_light et_pb_module et_block_module\"><div class=\"et_pb_text_inner\"><h3><strong>Anh\u00e4nger f\u00fcr Fertigh\u00e4user<\/strong><\/h3>\n<\/div><\/div>\n\n<div class=\"et_pb_text_2 et_pb_text et_pb_bg_layout_light et_pb_module et_block_module\"><div class=\"et_pb_text_inner\"><p>Ab 4.900 \u20ac zzgl. MwSt.<\/p>\n<\/div><\/div>\n<\/div>\n<\/div>\n\n<div class=\"et_pb_row_4 et_pb_row et_flex_row\">\n<div class=\"et_pb_column_7 et_pb_column et_flex_column et_pb_css_mix_blend_mode_passthrough et_flex_column_12_24 et_flex_column_12_24_tablet et_flex_column_24_24_phone\">\n<div class=\"et_pb_image_0 et_pb_image et_pb_module et_flex_module\"><span class=\"et_pb_image_wrap\"><img loading=\"lazy\" decoding=\"async\" src=\"https:\/\/casasterramar.com\/wp-content\/uploads\/2026\/03\/Remolque-casa-prefabricada.webp\" alt=\"Remolque Casa prefabricada\" title=\"Remolque-casa-prefabricada\" width=\"620\" height=\"342\" srcset=\"https:\/\/casasterramar.com\/wp-content\/uploads\/2026\/03\/Remolque-casa-prefabricada.webp 620w, https:\/\/casasterramar.com\/wp-content\/uploads\/2026\/03\/Remolque-casa-prefabricada-480x265.webp 480w\" sizes=\"(min-width: 0px) and (max-width: 480px) 480px, (min-width: 481px) 620px, 100vw\" class=\"wp-image-377\" \/><\/span><\/div>\n<\/div>\n\n<div class=\"et_pb_column_8 et_pb_column et-last-child et_flex_column et_pb_css_mix_blend_mode_passthrough et_flex_column_12_24 et_flex_column_12_24_tablet et_flex_column_24_24_phone\">\n<div class=\"et_pb_text_3 et_pb_text et_pb_bg_layout_light et_pb_module et_block_module\"><div class=\"et_pb_text_inner\"><p>Die ideale Erg\u00e4nzung f\u00fcr Grundst\u00fccke ohne Baugenehmigung. Das Fertighaus wird fest auf dem ausziehbaren Anh\u00e4nger und den St\u00fctzpunkten montiert und wird so zu einem mobilen Zuhause, das den kommunalen Bauvorschriften entspricht.<\/p>\n<\/div><\/div>\n\n<div class=\"et_pb_group_0 et_pb_group et-last-child et_pb_module et_flex_group et_pb_css_mix_blend_mode_passthrough\">\n<ul class=\"et_pb_icon_list_0 et_pb_icon_list et_pb_module et_flex_module\">\n<li class=\"et_pb_icon_list_item_0 et_pb_icon_list_item et_pb_module et_flex_module\"><span class=\"et-pb-icon\">\uf8ff<\/span><div class=\"et_pb_icon_list_text\">Preis f\u00fcr Terra-Modelle: 4.900 \u20ac + MwSt. *<\/div><\/li>\n\n<li class=\"et_pb_icon_list_item_1 et_pb_icon_list_item et_pb_module et_flex_module\"><span class=\"et-pb-icon\">\uf8ff<\/span><div class=\"et_pb_icon_list_text\">Preis f\u00fcr Mar-Modelle: 5.900 \u20ac + MwSt. *<\/div><\/li>\n\n<li class=\"et_pb_icon_list_item_2 et_pb_icon_list_item et_pb_module et_flex_module\"><span class=\"et-pb-icon\">\uf8ff<\/span><div class=\"et_pb_icon_list_text\">Preis f\u00fcr Terramar-Modelle: 9.300 \u20ac + MwSt. *<\/div><\/li>\n<\/ul>\n\n<div class=\"et_pb_text_4 et_pb_text et_pb_bg_layout_light et_pb_module et_flex_module\"><div class=\"et_pb_text_inner\"><p>* Preise verstehen sich ohne Montage und Transport.<\/p>\n<\/div><\/div>\n<\/div>\n<\/div>\n<\/div>\n<\/div>\n\n<div class=\"et_pb_section_4 et_pb_section et_section_regular et_block_section\"><div class=\"et_pb_row_5 et_pb_row et_block_row\"><div class=\"et_pb_column_9 et_pb_column et_pb_column_4_4 et-last-child et_block_column et_pb_css_mix_blend_mode_passthrough\"><div class=\"et_pb_image_1 et_pb_image et_pb_module et_flex_module\"><span class=\"et_pb_image_wrap\"><img loading=\"lazy\" decoding=\"async\" src=\"https:\/\/casasterramar.com\/wp-content\/uploads\/2026\/02\/CASAS-TERRAMAR.webp\" title=\"CASAS-TERRAMAR\" width=\"600\" height=\"122\" srcset=\"https:\/\/casasterramar.com\/wp-content\/uploads\/2026\/02\/CASAS-TERRAMAR.webp 600w, https:\/\/casasterramar.com\/wp-content\/uploads\/2026\/02\/CASAS-TERRAMAR-480x98.webp 480w\" sizes=\"(min-width: 0px) and (max-width: 480px) 480px, (min-width: 481px) 600px, 100vw\" class=\"wp-image-9\" \/><\/span><\/div><\/div><\/div><div class=\"et_pb_row_6 et_pb_row et_flex_row\"><div class=\"et_pb_column_10 et_pb_column et_flex_column et_pb_css_mix_blend_mode_passthrough et_flex_column_6_24 et_flex_column_12_24_tablet et_flex_column_24_24_phone\"><div class=\"et_pb_text_5 et_pb_text et_pb_bg_layout_dark et_pb_module et_block_module preset--module--divi-text--79976ab3-af39-461d-9804-fab46e287c9a\"><div class=\"et_pb_text_inner\"><h5>FERTIGH\u00c4USER<\/h5>\n<\/div><\/div><div class=\"et_pb_text_6 et_pb_text et_pb_bg_layout_light et_pb_module et_flex_module\"><div class=\"et_pb_text_inner\"><p>Bei Casas Terramar bieten wir Ihnen Ihr Fertighaus aus hochwertigen Materialien mit Energieeffizienz und maximaler Haltbarkeit.<br \/>Voll ausgestattete H\u00e4user mit einfacher Installation.<\/p>\n<\/div><\/div><\/div><div class=\"et_pb_column_11 et_pb_column et_flex_column et_pb_css_mix_blend_mode_passthrough et_flex_column_6_24 et_flex_column_12_24_tablet et_flex_column_24_24_phone\"><div class=\"et_pb_text_7 et_pb_text et_pb_bg_layout_dark et_pb_module et_block_module preset--module--divi-text--79976ab3-af39-461d-9804-fab46e287c9a\"><div class=\"et_pb_text_inner\"><h5>SCHNELLZUGRIFF<\/h5>\n<\/div><\/div><ul class=\"et_pb_icon_list_1 et_pb_icon_list et_pb_module et_flex_module\"><li class=\"et_pb_icon_list_item_3 et_pb_icon_list_item et_pb_module et_clickable et_flex_module\"><span class=\"et-pb-icon\">I<\/span><div class=\"et_pb_icon_list_text\">MODELLE<\/div><\/li><li class=\"et_pb_icon_list_item_4 et_pb_icon_list_item et_pb_module et_clickable et_flex_module\"><span class=\"et-pb-icon\">I<\/span><div class=\"et_pb_icon_list_text\">H\u00c4UFIG GESTELLTE FRAGEN<\/div><\/li><li class=\"et_pb_icon_list_item_5 et_pb_icon_list_item et_pb_module et_clickable et_flex_module\"><span class=\"et-pb-icon\">I<\/span><div class=\"et_pb_icon_list_text\">GALERIE<\/div><\/li><li class=\"et_pb_icon_list_item_6 et_pb_icon_list_item et_pb_module et_clickable et_flex_module\"><span class=\"et-pb-icon\">I<\/span><div class=\"et_pb_icon_list_text\">KONTAKT<\/div><\/li><\/ul><\/div><div class=\"et_pb_column_12 et_pb_column et_flex_column et_pb_css_mix_blend_mode_passthrough et_flex_column_6_24 et_flex_column_12_24_tablet et_flex_column_24_24_phone\"><div class=\"et_pb_text_8 et_pb_text et_pb_bg_layout_dark et_pb_module et_block_module preset--module--divi-text--79976ab3-af39-461d-9804-fab46e287c9a\"><div class=\"et_pb_text_inner\"><h5>RECHTLICHES<\/h5>\n<\/div><\/div><ul class=\"et_pb_icon_list_2 et_pb_icon_list et_pb_module et_clickable et_flex_module\"><li class=\"et_pb_icon_list_item_7 et_pb_icon_list_item et_pb_module et_clickable et_flex_module\"><span class=\"et-pb-icon\">I<\/span><div class=\"et_pb_icon_list_text\">Datenschutzerkl\u00e4rung<\/div><\/li><li class=\"et_pb_icon_list_item_8 et_pb_icon_list_item et_pb_module et_clickable et_flex_module\"><span class=\"et-pb-icon\">I<\/span><div class=\"et_pb_icon_list_text\">Cookie-Richtlinie<\/div><\/li><li class=\"et_pb_icon_list_item_9 et_pb_icon_list_item et_pb_module et_clickable et_flex_module\"><span class=\"et-pb-icon\">I<\/span><div class=\"et_pb_icon_list_text\">Rechtshinweis<\/div><\/li><\/ul><\/div><div class=\"et_pb_column_13 et_pb_column et-last-child et_flex_column et_pb_css_mix_blend_mode_passthrough et_flex_column_6_24 et_flex_column_12_24_tablet et_flex_column_24_24_phone\"><div class=\"et_pb_text_9 et_pb_text et_pb_bg_layout_dark et_pb_module et_block_module preset--module--divi-text--79976ab3-af39-461d-9804-fab46e287c9a\"><div class=\"et_pb_text_inner\"><h5>KONTAKT<\/h5>\n<\/div><\/div><ul class=\"et_pb_icon_list_3 et_pb_icon_list et_pb_module et_flex_module\"><li class=\"et_pb_icon_list_item_10 et_pb_icon_list_item et_pb_module et_flex_module\"><span class=\"et-pb-icon\">\uf879<\/span><div class=\"et_pb_icon_list_text\">+34 607 88 77 42<\/div><\/li><li class=\"et_pb_icon_list_item_11 et_pb_icon_list_item et_pb_module et_clickable et_flex_module\"><span class=\"et-pb-icon\">\ue076<\/span><div class=\"et_pb_icon_list_text\">info@casasterramar.com<\/div><\/li><li class=\"et_pb_icon_list_item_12 et_pb_icon_list_item et_pb_module et_clickable et_flex_module\"><span class=\"et-pb-icon\">\uf2bb<\/span><div class=\"et_pb_icon_list_text\">Kontaktformular<\/div><\/li><li class=\"et_pb_icon_list_item_13 et_pb_icon_list_item et_pb_module et_flex_module\"><span class=\"et-pb-icon\">\uf3c5<\/span><div class=\"et_pb_icon_list_text\">Paseo Ladrillares, 41 bajo 46780 Oliva (Valencia)<\/div><\/li><\/ul><\/div><\/div><\/div>","protected":false},"excerpt":{"rendered":"","protected":false},"author":1,"featured_media":0,"parent":411,"menu_order":0,"comment_status":"closed","ping_status":"closed","template":"","meta":{"footnotes":""},"class_list":["post-466","page","type-page","status-publish","hentry"],"_links":{"self":[{"href":"https:\/\/casasterramar.com\/de\/wp-json\/wp\/v2\/pages\/466","targetHints":{"allow":["GET"]}}],"collection":[{"href":"https:\/\/casasterramar.com\/de\/wp-json\/wp\/v2\/pages"}],"about":[{"href":"https:\/\/casasterramar.com\/de\/wp-json\/wp\/v2\/types\/page"}],"author":[{"embeddable":true,"href":"https:\/\/casasterramar.com\/de\/wp-json\/wp\/v2\/users\/1"}],"replies":[{"embeddable":true,"href":"https:\/\/casasterramar.com\/de\/wp-json\/wp\/v2\/comments?post=466"}],"version-history":[{"count":1,"href":"https:\/\/casasterramar.com\/de\/wp-json\/wp\/v2\/pages\/466\/revisions"}],"predecessor-version":[{"id":649,"href":"https:\/\/casasterramar.com\/de\/wp-json\/wp\/v2\/pages\/466\/revisions\/649"}],"up":[{"embeddable":true,"href":"https:\/\/casasterramar.com\/de\/wp-json\/wp\/v2\/pages\/411"}],"wp:attachment":[{"href":"https:\/\/casasterramar.com\/de\/wp-json\/wp\/v2\/media?parent=466"}],"curies":[{"name":"wp","href":"https:\/\/api.w.org\/{rel}","templated":true}]}}