{"id":453,"date":"2026-02-27T12:18:19","date_gmt":"2026-02-27T11:18:19","guid":{"rendered":"https:\/\/casasterramar.com\/preguntas-frecuentes-casa-prefabricada\/"},"modified":"2026-03-10T16:53:55","modified_gmt":"2026-03-10T15:53:55","slug":"haeufig-gestellte-fragen-zu-fertighaeusern","status":"publish","type":"page","link":"https:\/\/casasterramar.com\/de\/haeufig-gestellte-fragen-zu-fertighaeusern\/","title":{"rendered":"H\u00c4UFIG GESTELLTE FRAGEN"},"content":{"rendered":"<div class=\"et_pb_section_0 et_pb_section et_section_regular et_block_section\">\n<div class=\"et_pb_row_0 et_pb_row et_pb_equal_columns et_pb_gutters1 et_block_row\">\n<div class=\"et_pb_column_0 et_pb_column et_pb_column_1_2 et_block_column et_pb_css_mix_blend_mode_passthrough\">\n<div class=\"et_pb_heading_0 et_pb_heading et_pb_module et_block_module preset--module--divi-heading--cb10897b-94d4-4784-ada4-e8c70c1c71dd\"><div class=\"et_pb_heading_container\"><h1 class=\"et_pb_module_header\">Fertigh\u00e4user<\/h1><\/div><\/div>\n\n<div class=\"et_pb_heading_1 et_pb_heading et_pb_module et_block_module preset--module--divi-heading--8c6ef1c1-ebcf-4ef3-8c58-206a37c57a4f\"><div class=\"et_pb_heading_container\"><h4 class=\"et_pb_module_header\">IHR EINFACH ZU INSTALLIERENDES ZUHAUSE<\/h4><\/div><\/div>\n\n<div class=\"et_pb_image_0 et_pb_image et_pb_module et_block_module\"><span class=\"et_pb_image_wrap\"><img loading=\"lazy\" decoding=\"async\" src=\"https:\/\/casasterramar.com\/wp-content\/uploads\/2026\/03\/mar-plus-1.webp\" title=\"Casa Prefabricada Mar Plus\" width=\"1200\" height=\"800\" srcset=\"https:\/\/casasterramar.com\/wp-content\/uploads\/2026\/03\/mar-plus-1.webp 1200w, https:\/\/casasterramar.com\/wp-content\/uploads\/2026\/03\/mar-plus-1-980x653.webp 980w, https:\/\/casasterramar.com\/wp-content\/uploads\/2026\/03\/mar-plus-1-480x320.webp 480w\" sizes=\"(min-width: 0px) and (max-width: 480px) 480px, (min-width: 481px) and (max-width: 980px) 980px, (min-width: 981px) 1200px, 100vw\" class=\"wp-image-267\" alt=\"Casa Prefabricada Terra Plus\" \/><\/span><\/div>\n\n<div class=\"et_pb_module et_pb_button_module_wrapper et_pb_button_0_wrapper preset--module--divi-button--2b7cd76b-aceb-4721-a4e8-494f2e85639d_wrapper\"><a class=\"et_pb_button_0 et_pb_button et_pb_bg_layout_light et_pb_module et_block_module preset--module--divi-button--2b7cd76b-aceb-4721-a4e8-494f2e85639d\" href=\"https:\/\/casasterramar.com\/de\/kontakt\/\">INFORMATIONEN ANFORDERN<\/a><\/div>\n<\/div>\n\n<div class=\"et_pb_column_1 et_pb_column et_pb_column_1_2 et-last-child et_block_column et_pb_css_mix_blend_mode_passthrough\">\n<div class=\"et_pb_divider_0 et_pb_divider_hidden et_pb_space et_pb_divider_position_top et_pb_module\"><div class=\"et_pb_divider_internal\"><\/div><\/div>\n<\/div>\n<\/div>\n<\/div>\n\n<div class=\"et_pb_section_1 et_pb_section et_section_regular et_block_section\">\n<div class=\"et_pb_row_1 et_pb_row et_block_row\">\n<div class=\"et_pb_column_2 et_pb_column et_pb_column_4_4 et-last-child et_block_column et_pb_css_mix_blend_mode_passthrough\">\n<div class=\"et_pb_accordion_0 et_pb_accordion et_pb_module et_block_module\">\n<div class=\"et_pb_heading_2 et_pb_heading et_pb_module et_flex_module\"><div class=\"et_pb_heading_container\"><h3 class=\"et_pb_module_header\">H\u00e4ufig gestellte Fragen...<\/h3><\/div><\/div>\n\n<div class=\"et_pb_accordion_item_0 et_pb_accordion_item et_pb_toggle et_pb_module et_pb_toggle_open et_block_module preset--module--divi-accordion-item--default\"><h5 class=\"et_pb_toggle_title\">Was versteht man unter \u201eFertighaus\u201c?<\/h5><div class=\"et_pb_toggle_content\"><p>Ein Fertighaus ist ein hochwertiger Haustyp mit modernem Design und maximalem Komfort, der Energieeffizienz und Langlebigkeit bietet. Ein weiterer Vorteil ist die werkseitige Fertigung mit kontrollierten Prozessen, die h\u00f6chste Qualit\u00e4t und die Einhaltung technischer Anforderungen gew\u00e4hrleisten. Vor allem aber erm\u00f6glicht dies die schnelle Montage auf dem Grundst\u00fcck in nur wenigen Tagen. Dieses standardisierte Verfahren erm\u00f6glicht wettbewerbsf\u00e4hige Preise bei gleichzeitiger Individualisierung. Die H\u00e4user werden auf einem Betonfundament, St\u00fctzpunkten oder beidem montiert.<\/p>\n<p>Die neun Modelle, die Sie hier ansehen k\u00f6nnen, bieten verschiedene Optionen hinsichtlich Gr\u00f6\u00dfe, Raumaufteilung und Komfort sowie die M\u00f6glichkeit einer 16 m\u00b2 gro\u00dfen \u00fcberdachten Terrasse und eines zus\u00e4tzlichen Satteldachs f\u00fcr mehr Schutz.<\/p>\n<\/div><\/div>\n\n<div class=\"et_pb_accordion_item_1 et_pb_accordion_item et_pb_toggle et_pb_module et_pb_toggle_close et_block_module preset--module--divi-accordion-item--default\"><h5 class=\"et_pb_toggle_title\">Aus welchen Materialien bestehen sie?<\/h5><div class=\"et_pb_toggle_content\"><p>Die H\u00e4user werden aus 75 mm dicken Sandwichpaneelen errichtet und verf\u00fcgen \u00fcber eine zweilagige, 18 mm starke Polyurethan-Innenbeschichtung. Diese Konstruktion garantiert Energieeffizienz, W\u00e4rme- und Schalld\u00e4mmung sowie maximale Langlebigkeit. Die Au\u00dfenfassade besteht aus einem Metallblech in Holzoptik, das die \u00c4sthetik unterstreicht und dem Haus eine warme und unverwechselbare Note verleiht.<\/p>\n<p>Die Haust\u00fcr hat einen Aluminiumrahmen, und die Fenster sind doppelt verglast und somit w\u00e4rme- und schallisoliert. F\u00fcr Bodenbel\u00e4ge, Fassadengestaltung, K\u00fcche und Bad stehen verschiedene Optionen zur Verf\u00fcgung, um den individuellen Bed\u00fcrfnissen und W\u00fcnschen der Kunden gerecht zu werden.<\/p>\n<\/div><\/div>\n\n<div class=\"et_pb_accordion_item_2 et_pb_accordion_item et_pb_toggle et_pb_module et_pb_toggle_close et_block_module preset--module--divi-accordion-item--default\"><h5 class=\"et_pb_toggle_title\">Was ist in den H\u00e4usern enthalten?<\/h5><div class=\"et_pb_toggle_content\"><p>Die H\u00e4user sind praktisch bezugsfertig, mit kompletter Installation von Strom, Wasser und Abwasser, K\u00fcche mit Arbeitsplatte, Modulen, Sp\u00fcle und Wasseranschluss sowie einem komplett ausgestatteten Badezimmer.<\/p>\n<\/div><\/div>\n<\/div>\n<\/div>\n<\/div>\n<\/div>\n\n<div class=\"et_pb_section_2 et_pb_section et_section_regular et_block_section\"><div class=\"et_pb_row_2 et_pb_row et_block_row\"><div class=\"et_pb_column_3 et_pb_column et_pb_column_4_4 et-last-child et_block_column et_pb_css_mix_blend_mode_passthrough\"><div class=\"et_pb_image_1 et_pb_image et_pb_module et_flex_module\"><span class=\"et_pb_image_wrap\"><img loading=\"lazy\" decoding=\"async\" src=\"https:\/\/casasterramar.com\/wp-content\/uploads\/2026\/02\/CASAS-TERRAMAR.webp\" title=\"CASAS-TERRAMAR\" width=\"600\" height=\"122\" srcset=\"https:\/\/casasterramar.com\/wp-content\/uploads\/2026\/02\/CASAS-TERRAMAR.webp 600w, https:\/\/casasterramar.com\/wp-content\/uploads\/2026\/02\/CASAS-TERRAMAR-480x98.webp 480w\" sizes=\"(min-width: 0px) and (max-width: 480px) 480px, (min-width: 481px) 600px, 100vw\" class=\"wp-image-9\" \/><\/span><\/div><\/div><\/div><div class=\"et_pb_row_3 et_pb_row et_flex_row\"><div class=\"et_pb_column_4 et_pb_column et_flex_column et_pb_css_mix_blend_mode_passthrough et_flex_column_6_24 et_flex_column_12_24_tablet et_flex_column_24_24_phone\"><div class=\"et_pb_text_0 et_pb_text et_pb_bg_layout_dark et_pb_module et_block_module preset--module--divi-text--79976ab3-af39-461d-9804-fab46e287c9a\"><div class=\"et_pb_text_inner\"><h5>FERTIGH\u00c4USER<\/h5>\n<\/div><\/div><div class=\"et_pb_text_1 et_pb_text et_pb_bg_layout_light et_pb_module et_flex_module\"><div class=\"et_pb_text_inner\"><p>Bei Casas Terramar bieten wir Ihnen Ihr Fertighaus aus hochwertigen Materialien mit Energieeffizienz und maximaler Haltbarkeit.<br \/>Voll ausgestattete H\u00e4user mit einfacher Installation.<\/p>\n<\/div><\/div><\/div><div class=\"et_pb_column_5 et_pb_column et_flex_column et_pb_css_mix_blend_mode_passthrough et_flex_column_6_24 et_flex_column_12_24_tablet et_flex_column_24_24_phone\"><div class=\"et_pb_text_2 et_pb_text et_pb_bg_layout_dark et_pb_module et_block_module preset--module--divi-text--79976ab3-af39-461d-9804-fab46e287c9a\"><div class=\"et_pb_text_inner\"><h5>SCHNELLZUGRIFF<\/h5>\n<\/div><\/div><ul class=\"et_pb_icon_list_0 et_pb_icon_list et_pb_module et_flex_module\"><li class=\"et_pb_icon_list_item_0 et_pb_icon_list_item et_pb_module et_clickable et_flex_module\"><span class=\"et-pb-icon\">I<\/span><div class=\"et_pb_icon_list_text\">MODELLE<\/div><\/li><li class=\"et_pb_icon_list_item_1 et_pb_icon_list_item et_pb_module et_clickable et_flex_module\"><span class=\"et-pb-icon\">I<\/span><div class=\"et_pb_icon_list_text\">H\u00c4UFIG GESTELLTE FRAGEN<\/div><\/li><li class=\"et_pb_icon_list_item_2 et_pb_icon_list_item et_pb_module et_clickable et_flex_module\"><span class=\"et-pb-icon\">I<\/span><div class=\"et_pb_icon_list_text\">GALERIE<\/div><\/li><li class=\"et_pb_icon_list_item_3 et_pb_icon_list_item et_pb_module et_clickable et_flex_module\"><span class=\"et-pb-icon\">I<\/span><div class=\"et_pb_icon_list_text\">KONTAKT<\/div><\/li><\/ul><\/div><div class=\"et_pb_column_6 et_pb_column et_flex_column et_pb_css_mix_blend_mode_passthrough et_flex_column_6_24 et_flex_column_12_24_tablet et_flex_column_24_24_phone\"><div class=\"et_pb_text_3 et_pb_text et_pb_bg_layout_dark et_pb_module et_block_module preset--module--divi-text--79976ab3-af39-461d-9804-fab46e287c9a\"><div class=\"et_pb_text_inner\"><h5>RECHTLICHES<\/h5>\n<\/div><\/div><ul class=\"et_pb_icon_list_1 et_pb_icon_list et_pb_module et_clickable et_flex_module\"><li class=\"et_pb_icon_list_item_4 et_pb_icon_list_item et_pb_module et_clickable et_flex_module\"><span class=\"et-pb-icon\">I<\/span><div class=\"et_pb_icon_list_text\">Datenschutzerkl\u00e4rung<\/div><\/li><li class=\"et_pb_icon_list_item_5 et_pb_icon_list_item et_pb_module et_clickable et_flex_module\"><span class=\"et-pb-icon\">I<\/span><div class=\"et_pb_icon_list_text\">Cookie-Richtlinie<\/div><\/li><li class=\"et_pb_icon_list_item_6 et_pb_icon_list_item et_pb_module et_clickable et_flex_module\"><span class=\"et-pb-icon\">I<\/span><div class=\"et_pb_icon_list_text\">Rechtshinweis<\/div><\/li><\/ul><\/div><div class=\"et_pb_column_7 et_pb_column et-last-child et_flex_column et_pb_css_mix_blend_mode_passthrough et_flex_column_6_24 et_flex_column_12_24_tablet et_flex_column_24_24_phone\"><div class=\"et_pb_text_4 et_pb_text et_pb_bg_layout_dark et_pb_module et_block_module preset--module--divi-text--79976ab3-af39-461d-9804-fab46e287c9a\"><div class=\"et_pb_text_inner\"><h5>KONTAKT<\/h5>\n<\/div><\/div><ul class=\"et_pb_icon_list_2 et_pb_icon_list et_pb_module et_flex_module\"><li class=\"et_pb_icon_list_item_7 et_pb_icon_list_item et_pb_module et_flex_module\"><span class=\"et-pb-icon\">\uf879<\/span><div class=\"et_pb_icon_list_text\">+34 607 88 77 42<\/div><\/li><li class=\"et_pb_icon_list_item_8 et_pb_icon_list_item et_pb_module et_clickable et_flex_module\"><span class=\"et-pb-icon\">\ue076<\/span><div class=\"et_pb_icon_list_text\">info@casasterramar.com<\/div><\/li><li class=\"et_pb_icon_list_item_9 et_pb_icon_list_item et_pb_module et_clickable et_flex_module\"><span class=\"et-pb-icon\">\uf2bb<\/span><div class=\"et_pb_icon_list_text\">Kontaktformular<\/div><\/li><li class=\"et_pb_icon_list_item_10 et_pb_icon_list_item et_pb_module et_flex_module\"><span class=\"et-pb-icon\">\uf3c5<\/span><div class=\"et_pb_icon_list_text\">Paseo Ladrillares, 41 bajo 46780 Oliva (Valencia)<\/div><\/li><\/ul><\/div><\/div><\/div>","protected":false},"excerpt":{"rendered":"","protected":false},"author":1,"featured_media":0,"parent":0,"menu_order":0,"comment_status":"closed","ping_status":"closed","template":"","meta":{"footnotes":""},"class_list":["post-453","page","type-page","status-publish","hentry"],"_links":{"self":[{"href":"https:\/\/casasterramar.com\/de\/wp-json\/wp\/v2\/pages\/453","targetHints":{"allow":["GET"]}}],"collection":[{"href":"https:\/\/casasterramar.com\/de\/wp-json\/wp\/v2\/pages"}],"about":[{"href":"https:\/\/casasterramar.com\/de\/wp-json\/wp\/v2\/types\/page"}],"author":[{"embeddable":true,"href":"https:\/\/casasterramar.com\/de\/wp-json\/wp\/v2\/users\/1"}],"replies":[{"embeddable":true,"href":"https:\/\/casasterramar.com\/de\/wp-json\/wp\/v2\/comments?post=453"}],"version-history":[{"count":1,"href":"https:\/\/casasterramar.com\/de\/wp-json\/wp\/v2\/pages\/453\/revisions"}],"predecessor-version":[{"id":663,"href":"https:\/\/casasterramar.com\/de\/wp-json\/wp\/v2\/pages\/453\/revisions\/663"}],"wp:attachment":[{"href":"https:\/\/casasterramar.com\/de\/wp-json\/wp\/v2\/media?parent=453"}],"curies":[{"name":"wp","href":"https:\/\/api.w.org\/{rel}","templated":true}]}}