{"id":425,"date":"2026-02-27T12:18:37","date_gmt":"2026-02-27T11:18:37","guid":{"rendered":"https:\/\/casasterramar.com\/galerie\/"},"modified":"2026-03-10T13:21:52","modified_gmt":"2026-03-10T12:21:52","slug":"galerie","status":"publish","type":"page","link":"https:\/\/casasterramar.com\/de\/galerie\/","title":{"rendered":"GALERIE"},"content":{"rendered":"<div class=\"et_pb_section_0 et_pb_section et_section_regular et_block_section\">\n<div class=\"et_pb_row_0 et_pb_row et_block_row\">\n<div class=\"et_pb_column_0 et_pb_column et_pb_column_4_4 et-last-child et_block_column et_pb_css_mix_blend_mode_passthrough\">\n<div class=\"et_pb_accordion_0 et_pb_accordion et_pb_module et_block_module\">\n<div class=\"et_pb_heading_0 et_pb_heading et_pb_module et_flex_module\"><div class=\"et_pb_heading_container\"><h3 class=\"et_pb_module_header\">BILD- UND VIDEOGALERIE<\/h3><\/div><\/div>\n<\/div>\n\n<div class=\"et_pb_text_0 et_pb_text et_pb_bg_layout_light et_pb_module et_flex_module\"><div class=\"et_pb_text_inner\"><p>Entdecken Sie in unserer Galerie jedes Detail unserer Fertigh\u00e4user: modernes Design, hochwertige Oberfl\u00e4chenmaterialien und R\u00e4ume, die f\u00fcr maximalen Komfort gestaltet sind. Lassen Sie sich inspirieren und finden Sie das Modell, das am besten zu Ihrem Lebensstil passt.<\/p>\n<\/div><\/div>\n<\/div>\n<\/div>\n<\/div>\n\n<div class=\"et_pb_section_1 et_pb_section et_section_regular et_flex_section\">\n<div class=\"et_pb_row_1 et_pb_row et_flex_row\">\n<div class=\"et_pb_column_1 et_pb_column et-last-child et_flex_column et_pb_css_mix_blend_mode_passthrough et_flex_column_24_24 et_flex_column_24_24_tablet et_flex_column_24_24_phone\">\n<div class=\"et_pb_video_0 et_pb_video et_pb_module et_flex_module\"><div class=\"et_pb_video_box\"><video controls><source type=\"video\/mp4\" src=\"https:\/\/casasterramar.com\/wp-content\/uploads\/2026\/03\/video-casas-terramar.mp4\" \/><\/video><\/div><\/div>\n<\/div>\n<\/div>\n\n<div class=\"et_pb_row_2 et_pb_row et_flex_row\">\n<div class=\"et_pb_column_2 et_pb_column et-last-child et_flex_column et_pb_css_mix_blend_mode_passthrough et_flex_column_24_24 et_flex_column_24_24_tablet et_flex_column_24_24_phone\">\n<div class=\"et_pb_gallery_0 et_pb_gallery et_pb_bg_layout_light et_pb_gallery_grid et_pb_module\" data-auto-rotate=\"off\" data-auto-rotate-speed=\"\"><div class=\"et_pb_gallery_items et_post_gallery clearfix et_grid_module\" data-per_page=\"100\"><div class=\"et_pb_gallery_item et_pb_grid_item et_pb_gallery_item_0_0\"><div class=\"et_pb_gallery_image landscape\" data-per_page=\"100\"><a href=\"https:\/\/casasterramar.com\/wp-content\/uploads\/2026\/03\/Terramar-premium-1.webp\" title=\"Casa Prefabricada Terramar Premium\"><img loading=\"lazy\" decoding=\"async\" width=\"400\" height=\"284\" src=\"https:\/\/casasterramar.com\/wp-content\/uploads\/2026\/03\/Terramar-premium-1-400x284.webp\" alt=\"Casa Prefabricada Terramar Premium\" class=\"wp-image-271\" srcset=\"https:\/\/casasterramar.com\/wp-content\/uploads\/2026\/03\/Terramar-premium-1.webp 479w, https:\/\/casasterramar.com\/wp-content\/uploads\/2026\/03\/Terramar-premium-1-400x284.webp 480w\" sizes=\"(max-width:479px) 479px, 100vw\" \/><span class=\"et_overlay\" data-icon=\"\" data-icon-tablet=\"\" data-icon-phone=\"\"><\/span><\/a><\/div><\/div><div class=\"et_pb_gallery_item et_pb_grid_item et_pb_gallery_item_0_1\"><div class=\"et_pb_gallery_image landscape\" data-per_page=\"100\"><a href=\"https:\/\/casasterramar.com\/wp-content\/uploads\/2026\/03\/mar-base-1.webp\" title=\"Casa Prefabricada Mar Base\"><img loading=\"lazy\" decoding=\"async\" width=\"400\" height=\"284\" src=\"https:\/\/casasterramar.com\/wp-content\/uploads\/2026\/03\/mar-base-1-400x284.webp\" alt=\"\" class=\"wp-image-268\" srcset=\"https:\/\/casasterramar.com\/wp-content\/uploads\/2026\/03\/mar-base-1.webp 479w, https:\/\/casasterramar.com\/wp-content\/uploads\/2026\/03\/mar-base-1-400x284.webp 480w\" sizes=\"(max-width:479px) 479px, 100vw\" \/><span class=\"et_overlay\" data-icon=\"\" data-icon-tablet=\"\" data-icon-phone=\"\"><\/span><\/a><\/div><\/div><div class=\"et_pb_gallery_item et_pb_grid_item et_pb_gallery_item_0_2\"><div class=\"et_pb_gallery_image landscape\" data-per_page=\"100\"><a href=\"https:\/\/casasterramar.com\/wp-content\/uploads\/2026\/03\/mar-plus-1.webp\" title=\"Casa Prefabricada Mar Plus\"><img loading=\"lazy\" decoding=\"async\" width=\"400\" height=\"284\" src=\"https:\/\/casasterramar.com\/wp-content\/uploads\/2026\/03\/mar-plus-1-400x284.webp\" alt=\"\" class=\"wp-image-267\" srcset=\"https:\/\/casasterramar.com\/wp-content\/uploads\/2026\/03\/mar-plus-1.webp 479w, https:\/\/casasterramar.com\/wp-content\/uploads\/2026\/03\/mar-plus-1-400x284.webp 480w\" sizes=\"(max-width:479px) 479px, 100vw\" \/><span class=\"et_overlay\" data-icon=\"\" data-icon-tablet=\"\" data-icon-phone=\"\"><\/span><\/a><\/div><\/div><div class=\"et_pb_gallery_item et_pb_grid_item et_pb_gallery_item_0_3\"><div class=\"et_pb_gallery_image landscape\" data-per_page=\"100\"><a href=\"https:\/\/casasterramar.com\/wp-content\/uploads\/2026\/03\/Terra-premium-1.webp\" title=\"Terra premium\"><img loading=\"lazy\" decoding=\"async\" width=\"400\" height=\"284\" src=\"https:\/\/casasterramar.com\/wp-content\/uploads\/2026\/03\/Terra-premium-1-400x284.webp\" alt=\"\" class=\"wp-image-263\" srcset=\"https:\/\/casasterramar.com\/wp-content\/uploads\/2026\/03\/Terra-premium-1.webp 479w, https:\/\/casasterramar.com\/wp-content\/uploads\/2026\/03\/Terra-premium-1-400x284.webp 480w\" sizes=\"(max-width:479px) 479px, 100vw\" \/><span class=\"et_overlay\" data-icon=\"\" data-icon-tablet=\"\" data-icon-phone=\"\"><\/span><\/a><\/div><\/div><div class=\"et_pb_gallery_item et_pb_grid_item et_pb_gallery_item_0_4\"><div class=\"et_pb_gallery_image landscape\" data-per_page=\"100\"><a href=\"https:\/\/casasterramar.com\/wp-content\/uploads\/2026\/03\/terra-plus-1.webp\" title=\"Casa Prefabricada Terra Plus\"><img loading=\"lazy\" decoding=\"async\" width=\"400\" height=\"284\" src=\"https:\/\/casasterramar.com\/wp-content\/uploads\/2026\/03\/terra-plus-1-400x284.webp\" alt=\"Casa Prefabricada Terra Plus\" class=\"wp-image-260\" srcset=\"https:\/\/casasterramar.com\/wp-content\/uploads\/2026\/03\/terra-plus-1.webp 479w, https:\/\/casasterramar.com\/wp-content\/uploads\/2026\/03\/terra-plus-1-400x284.webp 480w\" sizes=\"(max-width:479px) 479px, 100vw\" \/><span class=\"et_overlay\" data-icon=\"\" data-icon-tablet=\"\" data-icon-phone=\"\"><\/span><\/a><\/div><\/div><div class=\"et_pb_gallery_item et_pb_grid_item et_pb_gallery_item_0_5\"><div class=\"et_pb_gallery_image landscape\" data-per_page=\"100\"><a href=\"https:\/\/casasterramar.com\/wp-content\/uploads\/2026\/03\/Terra-base-1.webp\" title=\"Casa Prefabricada Terra Base\"><img loading=\"lazy\" decoding=\"async\" width=\"400\" height=\"284\" src=\"https:\/\/casasterramar.com\/wp-content\/uploads\/2026\/03\/Terra-base-1-400x284.webp\" alt=\"Casa Prefabricada Terra Base\" class=\"wp-image-259\" srcset=\"https:\/\/casasterramar.com\/wp-content\/uploads\/2026\/03\/Terra-base-1.webp 479w, https:\/\/casasterramar.com\/wp-content\/uploads\/2026\/03\/Terra-base-1-400x284.webp 480w\" sizes=\"(max-width:479px) 479px, 100vw\" \/><span class=\"et_overlay\" data-icon=\"\" data-icon-tablet=\"\" data-icon-phone=\"\"><\/span><\/a><\/div><\/div><div class=\"et_pb_gallery_item et_pb_grid_item et_pb_gallery_item_0_6\"><div class=\"et_pb_gallery_image landscape\" data-per_page=\"100\"><a href=\"https:\/\/casasterramar.com\/wp-content\/uploads\/2026\/03\/Remolque-casa-prefabricada.webp\" title=\"Remolque-casa-prefabricada\"><img loading=\"lazy\" decoding=\"async\" width=\"400\" height=\"284\" src=\"https:\/\/casasterramar.com\/wp-content\/uploads\/2026\/03\/Remolque-casa-prefabricada-400x284.webp\" alt=\"Remolque Casa prefabricada\" class=\"wp-image-377\" srcset=\"https:\/\/casasterramar.com\/wp-content\/uploads\/2026\/03\/Remolque-casa-prefabricada.webp 479w, https:\/\/casasterramar.com\/wp-content\/uploads\/2026\/03\/Remolque-casa-prefabricada-400x284.webp 480w\" sizes=\"(max-width:479px) 479px, 100vw\" \/><span class=\"et_overlay\" data-icon=\"\" data-icon-tablet=\"\" data-icon-phone=\"\"><\/span><\/a><\/div><\/div><div class=\"et_pb_gallery_item et_pb_grid_item et_pb_gallery_item_0_7\"><div class=\"et_pb_gallery_image landscape\" data-per_page=\"100\"><a href=\"https:\/\/casasterramar.com\/wp-content\/uploads\/2026\/03\/terra-premium2-1.webp\" title=\"Casa Prefabricada Terra Premium\"><img loading=\"lazy\" decoding=\"async\" width=\"400\" height=\"284\" src=\"https:\/\/casasterramar.com\/wp-content\/uploads\/2026\/03\/terra-premium2-1-400x284.webp\" alt=\"Casa Prefabricada Terra Premium\" class=\"wp-image-258\" srcset=\"https:\/\/casasterramar.com\/wp-content\/uploads\/2026\/03\/terra-premium2-1.webp 479w, https:\/\/casasterramar.com\/wp-content\/uploads\/2026\/03\/terra-premium2-1-400x284.webp 480w\" sizes=\"(max-width:479px) 479px, 100vw\" \/><span class=\"et_overlay\" data-icon=\"\" data-icon-tablet=\"\" data-icon-phone=\"\"><\/span><\/a><\/div><\/div><div class=\"et_pb_gallery_item et_pb_grid_item et_pb_gallery_item_0_8\"><div class=\"et_pb_gallery_image landscape\" data-per_page=\"100\"><a href=\"https:\/\/casasterramar.com\/wp-content\/uploads\/2026\/03\/casa-prefabricada-oliva.webp\" title=\"Casa prefabricada\"><img loading=\"lazy\" decoding=\"async\" width=\"400\" height=\"284\" src=\"https:\/\/casasterramar.com\/wp-content\/uploads\/2026\/03\/casa-prefabricada-oliva-400x284.webp\" alt=\"\" class=\"wp-image-206\" srcset=\"https:\/\/casasterramar.com\/wp-content\/uploads\/2026\/03\/casa-prefabricada-oliva.webp 479w, https:\/\/casasterramar.com\/wp-content\/uploads\/2026\/03\/casa-prefabricada-oliva-400x284.webp 480w\" sizes=\"(max-width:479px) 479px, 100vw\" \/><span class=\"et_overlay\" data-icon=\"\" data-icon-tablet=\"\" data-icon-phone=\"\"><\/span><\/a><\/div><\/div><div class=\"et_pb_gallery_item et_pb_grid_item et_pb_gallery_item_0_9\"><div class=\"et_pb_gallery_image landscape\" data-per_page=\"100\"><a href=\"https:\/\/casasterramar.com\/wp-content\/uploads\/2026\/03\/terra-premium.webp\" title=\"Casa Prefabricada Terra Premium\"><img loading=\"lazy\" decoding=\"async\" width=\"400\" height=\"284\" src=\"https:\/\/casasterramar.com\/wp-content\/uploads\/2026\/03\/terra-premium-400x284.webp\" alt=\"Casa Prefabricada Terra Premium\" class=\"wp-image-164\" srcset=\"https:\/\/casasterramar.com\/wp-content\/uploads\/2026\/03\/terra-premium.webp 479w, https:\/\/casasterramar.com\/wp-content\/uploads\/2026\/03\/terra-premium-400x284.webp 480w\" sizes=\"(max-width:479px) 479px, 100vw\" \/><span class=\"et_overlay\" data-icon=\"\" data-icon-tablet=\"\" data-icon-phone=\"\"><\/span><\/a><\/div><\/div><div class=\"et_pb_gallery_item et_pb_grid_item et_pb_gallery_item_0_10\"><div class=\"et_pb_gallery_image landscape\" data-per_page=\"100\"><a href=\"https:\/\/casasterramar.com\/wp-content\/uploads\/2026\/03\/Mar-Base.webp\" title=\"Casa Prefabricada Mar Base\"><img loading=\"lazy\" decoding=\"async\" width=\"400\" height=\"284\" src=\"https:\/\/casasterramar.com\/wp-content\/uploads\/2026\/03\/Mar-Base-400x284.webp\" alt=\"Casa Prefabricada Mar Base\" class=\"wp-image-178\" srcset=\"https:\/\/casasterramar.com\/wp-content\/uploads\/2026\/03\/Mar-Base.webp 479w, https:\/\/casasterramar.com\/wp-content\/uploads\/2026\/03\/Mar-Base-400x284.webp 480w\" sizes=\"(max-width:479px) 479px, 100vw\" \/><span class=\"et_overlay\" data-icon=\"\" data-icon-tablet=\"\" data-icon-phone=\"\"><\/span><\/a><\/div><\/div><div class=\"et_pb_gallery_item et_pb_grid_item et_pb_gallery_item_0_11\"><div class=\"et_pb_gallery_image landscape\" data-per_page=\"100\"><a href=\"https:\/\/casasterramar.com\/wp-content\/uploads\/2026\/03\/mar-distribucion.webp\" title=\"Casa Prefabricada Mar distribuci\u00f3n\"><img loading=\"lazy\" decoding=\"async\" width=\"400\" height=\"284\" src=\"https:\/\/casasterramar.com\/wp-content\/uploads\/2026\/03\/mar-distribucion-400x284.webp\" alt=\"Casa Prefabricada Mar distribuci\u00f3n\" class=\"wp-image-179\" srcset=\"https:\/\/casasterramar.com\/wp-content\/uploads\/2026\/03\/mar-distribucion.webp 479w, https:\/\/casasterramar.com\/wp-content\/uploads\/2026\/03\/mar-distribucion-400x284.webp 480w\" sizes=\"(max-width:479px) 479px, 100vw\" \/><span class=\"et_overlay\" data-icon=\"\" data-icon-tablet=\"\" data-icon-phone=\"\"><\/span><\/a><\/div><\/div><div class=\"et_pb_gallery_item et_pb_grid_item et_pb_gallery_item_0_12\"><div class=\"et_pb_gallery_image landscape\" data-per_page=\"100\"><a href=\"https:\/\/casasterramar.com\/wp-content\/uploads\/2026\/03\/mar-plus.webp\" title=\"Casa Prefabricada Mar Plus\"><img loading=\"lazy\" decoding=\"async\" width=\"400\" height=\"284\" src=\"https:\/\/casasterramar.com\/wp-content\/uploads\/2026\/03\/mar-plus-400x284.webp\" alt=\"Casa Prefabricada Mar Plus\" class=\"wp-image-180\" srcset=\"https:\/\/casasterramar.com\/wp-content\/uploads\/2026\/03\/mar-plus.webp 479w, https:\/\/casasterramar.com\/wp-content\/uploads\/2026\/03\/mar-plus-400x284.webp 480w\" sizes=\"(max-width:479px) 479px, 100vw\" \/><span class=\"et_overlay\" data-icon=\"\" data-icon-tablet=\"\" data-icon-phone=\"\"><\/span><\/a><\/div><\/div><div class=\"et_pb_gallery_item et_pb_grid_item et_pb_gallery_item_0_13\"><div class=\"et_pb_gallery_image landscape\" data-per_page=\"100\"><a href=\"https:\/\/casasterramar.com\/wp-content\/uploads\/2026\/03\/mar-premium.webp\" title=\"Casa Prefabricada Mar Premium\"><img loading=\"lazy\" decoding=\"async\" width=\"400\" height=\"284\" src=\"https:\/\/casasterramar.com\/wp-content\/uploads\/2026\/03\/mar-premium-400x284.webp\" alt=\"Casa Prefabricada Mar Premium\" class=\"wp-image-181\" srcset=\"https:\/\/casasterramar.com\/wp-content\/uploads\/2026\/03\/mar-premium.webp 479w, https:\/\/casasterramar.com\/wp-content\/uploads\/2026\/03\/mar-premium-400x284.webp 480w\" sizes=\"(max-width:479px) 479px, 100vw\" \/><span class=\"et_overlay\" data-icon=\"\" data-icon-tablet=\"\" data-icon-phone=\"\"><\/span><\/a><\/div><\/div><div class=\"et_pb_gallery_item et_pb_grid_item et_pb_gallery_item_0_14\"><div class=\"et_pb_gallery_image landscape\" data-per_page=\"100\"><a href=\"https:\/\/casasterramar.com\/wp-content\/uploads\/2026\/03\/terramar-baswe.webp\" title=\"Casa Prefabricada Terramar Base\"><img loading=\"lazy\" decoding=\"async\" width=\"400\" height=\"284\" src=\"https:\/\/casasterramar.com\/wp-content\/uploads\/2026\/03\/terramar-baswe-400x284.webp\" alt=\"Casa Prefabricada Terramar Base\" class=\"wp-image-182\" srcset=\"https:\/\/casasterramar.com\/wp-content\/uploads\/2026\/03\/terramar-baswe.webp 479w, https:\/\/casasterramar.com\/wp-content\/uploads\/2026\/03\/terramar-baswe-400x284.webp 480w\" sizes=\"(max-width:479px) 479px, 100vw\" \/><span class=\"et_overlay\" data-icon=\"\" data-icon-tablet=\"\" data-icon-phone=\"\"><\/span><\/a><\/div><\/div><div class=\"et_pb_gallery_item et_pb_grid_item et_pb_gallery_item_0_15\"><div class=\"et_pb_gallery_image landscape\" data-per_page=\"100\"><a href=\"https:\/\/casasterramar.com\/wp-content\/uploads\/2026\/03\/terramar-distribucion.webp\" title=\"Casa Prefabricada Terramar Distribuci\u00f3n\"><img loading=\"lazy\" decoding=\"async\" width=\"400\" height=\"284\" src=\"https:\/\/casasterramar.com\/wp-content\/uploads\/2026\/03\/terramar-distribucion-400x284.webp\" alt=\"Casa Prefabricada Terramar Distribuci\u00f3n\" class=\"wp-image-183\" srcset=\"https:\/\/casasterramar.com\/wp-content\/uploads\/2026\/03\/terramar-distribucion.webp 479w, https:\/\/casasterramar.com\/wp-content\/uploads\/2026\/03\/terramar-distribucion-400x284.webp 480w\" sizes=\"(max-width:479px) 479px, 100vw\" \/><span class=\"et_overlay\" data-icon=\"\" data-icon-tablet=\"\" data-icon-phone=\"\"><\/span><\/a><\/div><\/div><div class=\"et_pb_gallery_item et_pb_grid_item et_pb_gallery_item_0_16\"><div class=\"et_pb_gallery_image landscape\" data-per_page=\"100\"><a href=\"https:\/\/casasterramar.com\/wp-content\/uploads\/2026\/03\/terramar-plus.webp\" title=\"Casa Prefabricada Terramar Plus\"><img loading=\"lazy\" decoding=\"async\" width=\"400\" height=\"284\" src=\"https:\/\/casasterramar.com\/wp-content\/uploads\/2026\/03\/terramar-plus-400x284.webp\" alt=\"Casa Prefabricada Terramar Plus\" class=\"wp-image-184\" srcset=\"https:\/\/casasterramar.com\/wp-content\/uploads\/2026\/03\/terramar-plus.webp 479w, https:\/\/casasterramar.com\/wp-content\/uploads\/2026\/03\/terramar-plus-400x284.webp 480w\" sizes=\"(max-width:479px) 479px, 100vw\" \/><span class=\"et_overlay\" data-icon=\"\" data-icon-tablet=\"\" data-icon-phone=\"\"><\/span><\/a><\/div><\/div><div class=\"et_pb_gallery_item et_pb_grid_item et_pb_gallery_item_0_17\"><div class=\"et_pb_gallery_image landscape\" data-per_page=\"100\"><a href=\"https:\/\/casasterramar.com\/wp-content\/uploads\/2026\/03\/terramar-premium.webp\" title=\"Casa Prefabricada Terramar Premium\"><img loading=\"lazy\" decoding=\"async\" width=\"400\" height=\"284\" src=\"https:\/\/casasterramar.com\/wp-content\/uploads\/2026\/03\/terramar-premium-400x284.webp\" alt=\"Casa Prefabricada Terramar Premium\" class=\"wp-image-185\" srcset=\"https:\/\/casasterramar.com\/wp-content\/uploads\/2026\/03\/terramar-premium.webp 479w, https:\/\/casasterramar.com\/wp-content\/uploads\/2026\/03\/terramar-premium-400x284.webp 480w\" sizes=\"(max-width:479px) 479px, 100vw\" \/><span class=\"et_overlay\" data-icon=\"\" data-icon-tablet=\"\" data-icon-phone=\"\"><\/span><\/a><\/div><\/div><div class=\"et_pb_gallery_item et_pb_grid_item et_pb_gallery_item_0_18\"><div class=\"et_pb_gallery_image landscape\" data-per_page=\"100\"><a href=\"https:\/\/casasterramar.com\/wp-content\/uploads\/2026\/03\/casas-prefabricada-valencia.webp\" title=\"Casas prefabricadas Terramar\"><img loading=\"lazy\" decoding=\"async\" width=\"400\" height=\"284\" src=\"https:\/\/casasterramar.com\/wp-content\/uploads\/2026\/03\/casas-prefabricada-valencia-400x284.webp\" alt=\"Casas prefabricadas Terramar\" class=\"wp-image-121\" srcset=\"https:\/\/casasterramar.com\/wp-content\/uploads\/2026\/03\/casas-prefabricada-valencia.webp 479w, https:\/\/casasterramar.com\/wp-content\/uploads\/2026\/03\/casas-prefabricada-valencia-400x284.webp 480w\" sizes=\"(max-width:479px) 479px, 100vw\" \/><span class=\"et_overlay\" data-icon=\"\" data-icon-tablet=\"\" data-icon-phone=\"\"><\/span><\/a><\/div><\/div><div class=\"et_pb_gallery_item et_pb_grid_item et_pb_gallery_item_0_19\"><div class=\"et_pb_gallery_image landscape\" data-per_page=\"100\"><a href=\"https:\/\/casasterramar.com\/wp-content\/uploads\/2026\/03\/terra-base.webp\" title=\"Casa Prefabricada Terra Base\"><img loading=\"lazy\" decoding=\"async\" width=\"400\" height=\"284\" src=\"https:\/\/casasterramar.com\/wp-content\/uploads\/2026\/03\/terra-base-400x284.webp\" alt=\"Casa Prefabricada Terra Base\" class=\"wp-image-161\" srcset=\"https:\/\/casasterramar.com\/wp-content\/uploads\/2026\/03\/terra-base.webp 479w, https:\/\/casasterramar.com\/wp-content\/uploads\/2026\/03\/terra-base-400x284.webp 480w\" sizes=\"(max-width:479px) 479px, 100vw\" \/><span class=\"et_overlay\" data-icon=\"\" data-icon-tablet=\"\" data-icon-phone=\"\"><\/span><\/a><\/div><\/div><div class=\"et_pb_gallery_item et_pb_grid_item et_pb_gallery_item_0_20\"><div class=\"et_pb_gallery_image landscape\" data-per_page=\"100\"><a href=\"https:\/\/casasterramar.com\/wp-content\/uploads\/2026\/03\/terra-distribucion.webp\" title=\"Casa Prefabricada Terra Disctibuci\u00f3n\"><img loading=\"lazy\" decoding=\"async\" width=\"400\" height=\"284\" src=\"https:\/\/casasterramar.com\/wp-content\/uploads\/2026\/03\/terra-distribucion-400x284.webp\" alt=\"Casa Prefabricada Terra Disctibuci\u00f3n\" class=\"wp-image-162\" srcset=\"https:\/\/casasterramar.com\/wp-content\/uploads\/2026\/03\/terra-distribucion.webp 479w, https:\/\/casasterramar.com\/wp-content\/uploads\/2026\/03\/terra-distribucion-400x284.webp 480w\" sizes=\"(max-width:479px) 479px, 100vw\" \/><span class=\"et_overlay\" data-icon=\"\" data-icon-tablet=\"\" data-icon-phone=\"\"><\/span><\/a><\/div><\/div><div class=\"et_pb_gallery_item et_pb_grid_item et_pb_gallery_item_0_21\"><div class=\"et_pb_gallery_image landscape\" data-per_page=\"100\"><a href=\"https:\/\/casasterramar.com\/wp-content\/uploads\/2026\/03\/terra-plus.webp\" title=\"Casa Prefabricada Terra Plus\"><img loading=\"lazy\" decoding=\"async\" width=\"400\" height=\"284\" src=\"https:\/\/casasterramar.com\/wp-content\/uploads\/2026\/03\/terra-plus-400x284.webp\" alt=\"Casa Prefabricada Terra Plus\" class=\"wp-image-163\" srcset=\"https:\/\/casasterramar.com\/wp-content\/uploads\/2026\/03\/terra-plus.webp 479w, https:\/\/casasterramar.com\/wp-content\/uploads\/2026\/03\/terra-plus-400x284.webp 480w\" sizes=\"(max-width:479px) 479px, 100vw\" \/><span class=\"et_overlay\" data-icon=\"\" data-icon-tablet=\"\" data-icon-phone=\"\"><\/span><\/a><\/div><\/div><\/div><div class=\"et_pb_gallery_pagination\"><\/div><\/div>\n<\/div>\n<\/div>\n<\/div>\n\n<div class=\"et_pb_section_2 et_pb_section et_section_regular et_block_section\"><div class=\"et_pb_row_3 et_pb_row et_block_row\"><div class=\"et_pb_column_3 et_pb_column et_pb_column_4_4 et-last-child et_block_column et_pb_css_mix_blend_mode_passthrough\"><div class=\"et_pb_image_0 et_pb_image et_pb_module et_flex_module\"><span class=\"et_pb_image_wrap\"><img loading=\"lazy\" decoding=\"async\" src=\"https:\/\/casasterramar.com\/wp-content\/uploads\/2026\/02\/CASAS-TERRAMAR.webp\" title=\"CASAS-TERRAMAR\" width=\"600\" height=\"122\" srcset=\"https:\/\/casasterramar.com\/wp-content\/uploads\/2026\/02\/CASAS-TERRAMAR.webp 600w, https:\/\/casasterramar.com\/wp-content\/uploads\/2026\/02\/CASAS-TERRAMAR-480x98.webp 480w\" sizes=\"(min-width: 0px) and (max-width: 480px) 480px, (min-width: 481px) 600px, 100vw\" class=\"wp-image-9\" \/><\/span><\/div><\/div><\/div><div class=\"et_pb_row_4 et_pb_row et_flex_row\"><div class=\"et_pb_column_4 et_pb_column et_flex_column et_pb_css_mix_blend_mode_passthrough et_flex_column_6_24 et_flex_column_12_24_tablet et_flex_column_24_24_phone\"><div class=\"et_pb_text_1 et_pb_text et_pb_bg_layout_dark et_pb_module et_block_module preset--module--divi-text--79976ab3-af39-461d-9804-fab46e287c9a\"><div class=\"et_pb_text_inner\"><h5>FERTIGH\u00c4USER<\/h5>\n<\/div><\/div><div class=\"et_pb_text_2 et_pb_text et_pb_bg_layout_light et_pb_module et_flex_module\"><div class=\"et_pb_text_inner\"><p>Bei Casas Terramar bieten wir Ihnen Ihr Fertighaus aus hochwertigen Materialien mit Energieeffizienz und maximaler Haltbarkeit.<br \/>Voll ausgestattete H\u00e4user mit einfacher Installation.<\/p>\n<\/div><\/div><\/div><div class=\"et_pb_column_5 et_pb_column et_flex_column et_pb_css_mix_blend_mode_passthrough et_flex_column_6_24 et_flex_column_12_24_tablet et_flex_column_24_24_phone\"><div class=\"et_pb_text_3 et_pb_text et_pb_bg_layout_dark et_pb_module et_block_module preset--module--divi-text--79976ab3-af39-461d-9804-fab46e287c9a\"><div class=\"et_pb_text_inner\"><h5>SCHNELLZUGRIFF<\/h5>\n<\/div><\/div><ul class=\"et_pb_icon_list_0 et_pb_icon_list et_pb_module et_flex_module\"><li class=\"et_pb_icon_list_item_0 et_pb_icon_list_item et_pb_module et_clickable et_flex_module\"><span class=\"et-pb-icon\">I<\/span><div class=\"et_pb_icon_list_text\">MODELLE<\/div><\/li><li class=\"et_pb_icon_list_item_1 et_pb_icon_list_item et_pb_module et_clickable et_flex_module\"><span class=\"et-pb-icon\">I<\/span><div class=\"et_pb_icon_list_text\">H\u00c4UFIG GESTELLTE FRAGEN<\/div><\/li><li class=\"et_pb_icon_list_item_2 et_pb_icon_list_item et_pb_module et_clickable et_flex_module\"><span class=\"et-pb-icon\">I<\/span><div class=\"et_pb_icon_list_text\">GALERIE<\/div><\/li><li class=\"et_pb_icon_list_item_3 et_pb_icon_list_item et_pb_module et_clickable et_flex_module\"><span class=\"et-pb-icon\">I<\/span><div class=\"et_pb_icon_list_text\">KONTAKT<\/div><\/li><\/ul><\/div><div class=\"et_pb_column_6 et_pb_column et_flex_column et_pb_css_mix_blend_mode_passthrough et_flex_column_6_24 et_flex_column_12_24_tablet et_flex_column_24_24_phone\"><div class=\"et_pb_text_4 et_pb_text et_pb_bg_layout_dark et_pb_module et_block_module preset--module--divi-text--79976ab3-af39-461d-9804-fab46e287c9a\"><div class=\"et_pb_text_inner\"><h5>RECHTLICHES<\/h5>\n<\/div><\/div><ul class=\"et_pb_icon_list_1 et_pb_icon_list et_pb_module et_clickable et_flex_module\"><li class=\"et_pb_icon_list_item_4 et_pb_icon_list_item et_pb_module et_clickable et_flex_module\"><span class=\"et-pb-icon\">I<\/span><div class=\"et_pb_icon_list_text\">Datenschutzerkl\u00e4rung<\/div><\/li><li class=\"et_pb_icon_list_item_5 et_pb_icon_list_item et_pb_module et_clickable et_flex_module\"><span class=\"et-pb-icon\">I<\/span><div class=\"et_pb_icon_list_text\">Cookie-Richtlinie<\/div><\/li><li class=\"et_pb_icon_list_item_6 et_pb_icon_list_item et_pb_module et_clickable et_flex_module\"><span class=\"et-pb-icon\">I<\/span><div class=\"et_pb_icon_list_text\">Rechtshinweis<\/div><\/li><\/ul><\/div><div class=\"et_pb_column_7 et_pb_column et-last-child et_flex_column et_pb_css_mix_blend_mode_passthrough et_flex_column_6_24 et_flex_column_12_24_tablet et_flex_column_24_24_phone\"><div class=\"et_pb_text_5 et_pb_text et_pb_bg_layout_dark et_pb_module et_block_module preset--module--divi-text--79976ab3-af39-461d-9804-fab46e287c9a\"><div class=\"et_pb_text_inner\"><h5>KONTAKT<\/h5>\n<\/div><\/div><ul class=\"et_pb_icon_list_2 et_pb_icon_list et_pb_module et_flex_module\"><li class=\"et_pb_icon_list_item_7 et_pb_icon_list_item et_pb_module et_flex_module\"><span class=\"et-pb-icon\">\uf879<\/span><div class=\"et_pb_icon_list_text\">+34 607 88 77 42<\/div><\/li><li class=\"et_pb_icon_list_item_8 et_pb_icon_list_item et_pb_module et_clickable et_flex_module\"><span class=\"et-pb-icon\">\ue076<\/span><div class=\"et_pb_icon_list_text\">info@casasterramar.com<\/div><\/li><li class=\"et_pb_icon_list_item_9 et_pb_icon_list_item et_pb_module et_clickable et_flex_module\"><span class=\"et-pb-icon\">\uf2bb<\/span><div class=\"et_pb_icon_list_text\">Kontaktformular<\/div><\/li><li class=\"et_pb_icon_list_item_10 et_pb_icon_list_item et_pb_module et_flex_module\"><span class=\"et-pb-icon\">\uf3c5<\/span><div class=\"et_pb_icon_list_text\">Paseo Ladrillares, 41 bajo 46780 Oliva (Valencia)<\/div><\/li><\/ul><\/div><\/div><\/div>","protected":false},"excerpt":{"rendered":"","protected":false},"author":1,"featured_media":0,"parent":0,"menu_order":0,"comment_status":"closed","ping_status":"closed","template":"","meta":{"footnotes":""},"class_list":["post-425","page","type-page","status-publish","hentry"],"_links":{"self":[{"href":"https:\/\/casasterramar.com\/de\/wp-json\/wp\/v2\/pages\/425","targetHints":{"allow":["GET"]}}],"collection":[{"href":"https:\/\/casasterramar.com\/de\/wp-json\/wp\/v2\/pages"}],"about":[{"href":"https:\/\/casasterramar.com\/de\/wp-json\/wp\/v2\/types\/page"}],"author":[{"embeddable":true,"href":"https:\/\/casasterramar.com\/de\/wp-json\/wp\/v2\/users\/1"}],"replies":[{"embeddable":true,"href":"https:\/\/casasterramar.com\/de\/wp-json\/wp\/v2\/comments?post=425"}],"version-history":[{"count":2,"href":"https:\/\/casasterramar.com\/de\/wp-json\/wp\/v2\/pages\/425\/revisions"}],"predecessor-version":[{"id":623,"href":"https:\/\/casasterramar.com\/de\/wp-json\/wp\/v2\/pages\/425\/revisions\/623"}],"wp:attachment":[{"href":"https:\/\/casasterramar.com\/de\/wp-json\/wp\/v2\/media?parent=425"}],"curies":[{"name":"wp","href":"https:\/\/api.w.org\/{rel}","templated":true}]}}