{"id":401,"date":"2026-02-27T12:17:46","date_gmt":"2026-02-27T11:17:46","guid":{"rendered":"https:\/\/casasterramar.com\/heimat\/"},"modified":"2026-03-10T17:01:04","modified_gmt":"2026-03-10T16:01:04","slug":"heimat","status":"publish","type":"page","link":"https:\/\/casasterramar.com\/de\/","title":{"rendered":"HOME"},"content":{"rendered":"<div class=\"et_pb_section_0 et_pb_section et_section_regular et_flex_section\">\n<div class=\"et_pb_row_0 et_pb_row et_flex_row\">\n<div class=\"et_pb_column_0 et_pb_column et_flex_column et_pb_css_mix_blend_mode_passthrough et_flex_column_12_24 et_flex_column_12_24_tablet et_flex_column_24_24_phone\">\n<div class=\"et_pb_text_0 et_pb_text et_pb_bg_layout_light et_pb_module et_block_module\"><div class=\"et_pb_text_inner\"><p>CASAS TERRAMAR S.L.<\/p>\n<\/div><\/div>\n\n<div class=\"et_pb_text_1 et_pb_text et_pb_bg_layout_light et_pb_module et_block_module\"><div class=\"et_pb_text_inner\"><p><em>Dein Zuhhause im Handumdrehen<\/em><\/p>\n<\/div><\/div>\n\n<div class=\"et_pb_text_2 et_pb_text et_pb_bg_layout_light et_pb_module et_block_module preset--module--divi-text--ffd25215-b48d-4fbc-a4f2-263d9c118183\"><div class=\"et_pb_text_inner\"><p>Fertigh\u00e4user ab 16.900 \u20ac + Mehrwertsteuer<\/p>\n<\/div><\/div>\n\n<div class=\"et_pb_text_3 et_pb_text et_pb_bg_layout_light et_pb_module et_flex_module\"><div class=\"et_pb_text_inner\"><h3>Komfort<\/h3>\n<p>Casas Terramar bietet Ihnen Ihr Zuhause von h\u00f6chster Qualit\u00e4t mit zeitgem\u00e4\u00dfem Design und maximalem Komfort, sowohl f\u00fcr Baugrundst\u00fccke als auch f\u00fcr Nicht-Baugrundst\u00fccke (mit Anh\u00e4nger als Unterbau-Zubeh\u00f6r).<\/p>\n<h3>Qualit\u00e4t<\/h3>\n<p>Unsere Fertigh\u00e4user bestehen aus hochwertigen Materialien und bieten Energieeffizienz sowie maximale Haltbarkeit.<\/p>\n<h3>Erschwinglichkeit<\/h3>\n<p>Ihr Haus wird schnell installiert, inklusive vollst\u00e4ndiger Installation von Strom, Warm-\/Kaltwasser und Abwasser. Voll ausgestattetes Badezimmer.<\/p>\n<p>K\u00fcche mit Arbeitsplatte, Modulen, Sp\u00fcle und Wasserinstallation.<\/p>\n<\/div><\/div>\n<\/div>\n\n<div class=\"et_pb_column_1 et_pb_column et-last-child et_flex_column et_pb_css_mix_blend_mode_passthrough et_flex_column_12_24 et_flex_column_12_24_tablet et_flex_column_24_24_phone\">\n<div class=\"et_pb_image_0 et_pb_image et_pb_module et_flex_module\"><span class=\"et_pb_image_wrap\"><img loading=\"lazy\" decoding=\"async\" src=\"https:\/\/casasterramar.com\/wp-content\/uploads\/2026\/03\/casas-prefabricada-valencia.webp\" alt=\"Casas prefabricadas Terramar\" title=\"casas-prefabricada-valencia\" width=\"900\" height=\"900\" srcset=\"https:\/\/casasterramar.com\/wp-content\/uploads\/2026\/03\/casas-prefabricada-valencia.webp 900w, https:\/\/casasterramar.com\/wp-content\/uploads\/2026\/03\/casas-prefabricada-valencia-480x480.webp 480w\" sizes=\"(min-width: 0px) and (max-width: 480px) 480px, (min-width: 481px) 900px, 100vw\" class=\"wp-image-121\" \/><\/span><\/div>\n<\/div>\n<\/div>\n<\/div>\n\n<div class=\"et_pb_section_1 et_pb_section et_section_regular et_flex_section\">\n<div class=\"et_pb_row_1 et_pb_row et_flex_row\">\n<div class=\"et_pb_column_2 et_pb_column et_flex_column et_pb_css_mix_blend_mode_passthrough et_flex_column_3_24 et_flex_column_6_24_tablet et_flex_column_12_24_phone\">\n<div class=\"et_pb_image_1 et_pb_image et_pb_module et_flex_module\"><span class=\"et_pb_image_wrap\"><img loading=\"lazy\" decoding=\"async\" src=\"https:\/\/casasterramar.com\/wp-content\/uploads\/2026\/03\/casa-prefabricada-eficiencia-energetica.webp\" title=\"casa-prefabricada-eficiencia-energetica\" width=\"250\" height=\"250\" srcset=\"https:\/\/casasterramar.com\/wp-content\/uploads\/2026\/03\/casa-prefabricada-eficiencia-energetica.webp 250w, https:\/\/casasterramar.com\/wp-content\/uploads\/2026\/03\/casa-prefabricada-eficiencia-energetica-150x150.webp 150w\" sizes=\"(max-width: 250px) 100vw, 250px\" class=\"wp-image-142\" \/><\/span><\/div>\n\n<div class=\"et_pb_text_4 et_pb_text et_pb_bg_layout_light et_pb_module et_flex_module\"><div class=\"et_pb_text_inner\"><p>Energieeffizienz<\/p>\n<\/div><\/div>\n<\/div>\n\n<div class=\"et_pb_column_3 et_pb_column et_flex_column et_pb_css_mix_blend_mode_passthrough et_flex_column_3_24 et_flex_column_6_24_tablet et_flex_column_12_24_phone\">\n<div class=\"et_pb_image_2 et_pb_image et_pb_module et_flex_module\"><span class=\"et_pb_image_wrap\"><img loading=\"lazy\" decoding=\"async\" src=\"https:\/\/casasterramar.com\/wp-content\/uploads\/2026\/03\/casa-prefabricada-instalacion-electrica.webp\" title=\"casa-prefabricada-instalacion-electrica\" width=\"250\" height=\"250\" srcset=\"https:\/\/casasterramar.com\/wp-content\/uploads\/2026\/03\/casa-prefabricada-instalacion-electrica.webp 250w, https:\/\/casasterramar.com\/wp-content\/uploads\/2026\/03\/casa-prefabricada-instalacion-electrica-150x150.webp 150w\" sizes=\"(max-width: 250px) 100vw, 250px\" class=\"wp-image-143\" \/><\/span><\/div>\n\n<div class=\"et_pb_text_5 et_pb_text et_pb_bg_layout_light et_pb_module et_flex_module\"><div class=\"et_pb_text_inner\"><p>Elektroinstallation<\/p>\n<\/div><\/div>\n<\/div>\n\n<div class=\"et_pb_column_4 et_pb_column et_flex_column et_pb_css_mix_blend_mode_passthrough et_flex_column_3_24 et_flex_column_6_24_tablet et_flex_column_12_24_phone\">\n<div class=\"et_pb_image_3 et_pb_image et_pb_module et_flex_module\"><span class=\"et_pb_image_wrap\"><img loading=\"lazy\" decoding=\"async\" src=\"https:\/\/casasterramar.com\/wp-content\/uploads\/2026\/03\/casa-prefabricada-luz.webp\" title=\"casa-prefabricada-luz\" width=\"250\" height=\"250\" srcset=\"https:\/\/casasterramar.com\/wp-content\/uploads\/2026\/03\/casa-prefabricada-luz.webp 250w, https:\/\/casasterramar.com\/wp-content\/uploads\/2026\/03\/casa-prefabricada-luz-150x150.webp 150w\" sizes=\"(max-width: 250px) 100vw, 250px\" class=\"wp-image-144\" \/><\/span><\/div>\n\n<div class=\"et_pb_text_6 et_pb_text et_pb_bg_layout_light et_pb_module et_flex_module\"><div class=\"et_pb_text_inner\"><p>Beleuchtung<\/p>\n<\/div><\/div>\n<\/div>\n\n<div class=\"et_pb_column_5 et_pb_column et_flex_column et_pb_css_mix_blend_mode_passthrough et_flex_column_3_24 et_flex_column_6_24_tablet et_flex_column_12_24_phone\">\n<div class=\"et_pb_image_4 et_pb_image et_pb_module et_flex_module\"><span class=\"et_pb_image_wrap\"><img loading=\"lazy\" decoding=\"async\" src=\"https:\/\/casasterramar.com\/wp-content\/uploads\/2026\/03\/casa-prefabricada-agua-caliente.webp\" title=\"casa-prefabricada-agua-caliente\" width=\"250\" height=\"250\" srcset=\"https:\/\/casasterramar.com\/wp-content\/uploads\/2026\/03\/casa-prefabricada-agua-caliente.webp 250w, https:\/\/casasterramar.com\/wp-content\/uploads\/2026\/03\/casa-prefabricada-agua-caliente-150x150.webp 150w\" sizes=\"(max-width: 250px) 100vw, 250px\" class=\"wp-image-138\" \/><\/span><\/div>\n\n<div class=\"et_pb_text_7 et_pb_text et_pb_bg_layout_light et_pb_module et_flex_module\"><div class=\"et_pb_text_inner\"><p>Warm- und Kaltwasser<\/p>\n<\/div><\/div>\n<\/div>\n\n<div class=\"et_pb_column_6 et_pb_column et_flex_column et_pb_css_mix_blend_mode_passthrough et_flex_column_3_24 et_flex_column_6_24_tablet et_flex_column_12_24_phone\">\n<div class=\"et_pb_image_5 et_pb_image et_pb_module et_flex_module\"><span class=\"et_pb_image_wrap\"><img loading=\"lazy\" decoding=\"async\" src=\"https:\/\/casasterramar.com\/wp-content\/uploads\/2026\/03\/casa-prefabricada-canerias.webp\" title=\"casa-prefabricada-ca\u00f1erias\" width=\"250\" height=\"250\" srcset=\"https:\/\/casasterramar.com\/wp-content\/uploads\/2026\/03\/casa-prefabricada-canerias.webp 250w, https:\/\/casasterramar.com\/wp-content\/uploads\/2026\/03\/casa-prefabricada-canerias-150x150.webp 150w\" sizes=\"(max-width: 250px) 100vw, 250px\" class=\"wp-image-140\" \/><\/span><\/div>\n\n<div class=\"et_pb_text_8 et_pb_text et_pb_bg_layout_light et_pb_module et_flex_module\"><div class=\"et_pb_text_inner\"><p>Abwasser<\/p>\n<\/div><\/div>\n<\/div>\n\n<div class=\"et_pb_column_7 et_pb_column et_flex_column et_pb_css_mix_blend_mode_passthrough et_flex_column_3_24 et_flex_column_6_24_tablet et_flex_column_12_24_phone\">\n<div class=\"et_pb_image_6 et_pb_image et_pb_module et_flex_module\"><span class=\"et_pb_image_wrap\"><img loading=\"lazy\" decoding=\"async\" src=\"https:\/\/casasterramar.com\/wp-content\/uploads\/2026\/03\/casa-prefabricada-bano.webp\" title=\"casa-prefabricada-ba\u00f1o\" width=\"250\" height=\"250\" srcset=\"https:\/\/casasterramar.com\/wp-content\/uploads\/2026\/03\/casa-prefabricada-bano.webp 250w, https:\/\/casasterramar.com\/wp-content\/uploads\/2026\/03\/casa-prefabricada-bano-150x150.webp 150w\" sizes=\"(max-width: 250px) 100vw, 250px\" class=\"wp-image-139\" \/><\/span><\/div>\n\n<div class=\"et_pb_text_9 et_pb_text et_pb_bg_layout_light et_pb_module et_flex_module\"><div class=\"et_pb_text_inner\"><p>Voll asgestattetes Badezimmer<\/p>\n<\/div><\/div>\n<\/div>\n\n<div class=\"et_pb_column_8 et_pb_column et_flex_column et_pb_css_mix_blend_mode_passthrough et_flex_column_3_24 et_flex_column_6_24_tablet et_flex_column_12_24_phone\">\n<div class=\"et_pb_image_7 et_pb_image et_pb_module et_flex_module\"><span class=\"et_pb_image_wrap\"><img loading=\"lazy\" decoding=\"async\" src=\"https:\/\/casasterramar.com\/wp-content\/uploads\/2026\/03\/casa-prefabricada-agua.webp\" title=\"casa-prefabricada-agua\" width=\"250\" height=\"250\" srcset=\"https:\/\/casasterramar.com\/wp-content\/uploads\/2026\/03\/casa-prefabricada-agua.webp 250w, https:\/\/casasterramar.com\/wp-content\/uploads\/2026\/03\/casa-prefabricada-agua-150x150.webp 150w\" sizes=\"(max-width: 250px) 100vw, 250px\" class=\"wp-image-137\" \/><\/span><\/div>\n\n<div class=\"et_pb_text_10 et_pb_text et_pb_bg_layout_light et_pb_module et_flex_module\"><div class=\"et_pb_text_inner\"><p>Wasserinstallation<\/p>\n<\/div><\/div>\n<\/div>\n\n<div class=\"et_pb_column_9 et_pb_column et-last-child et_flex_column et_pb_css_mix_blend_mode_passthrough et_flex_column_3_24 et_flex_column_6_24_tablet et_flex_column_12_24_phone\">\n<div class=\"et_pb_image_8 et_pb_image et_pb_module et_flex_module\"><span class=\"et_pb_image_wrap\"><img loading=\"lazy\" decoding=\"async\" src=\"https:\/\/casasterramar.com\/wp-content\/uploads\/2026\/03\/casa-prefabricada-cocina-bancada.webp\" title=\"casa-prefabricada-cocina-bancada\" width=\"250\" height=\"250\" srcset=\"https:\/\/casasterramar.com\/wp-content\/uploads\/2026\/03\/casa-prefabricada-cocina-bancada.webp 250w, https:\/\/casasterramar.com\/wp-content\/uploads\/2026\/03\/casa-prefabricada-cocina-bancada-150x150.webp 150w\" sizes=\"(max-width: 250px) 100vw, 250px\" class=\"wp-image-146\" \/><\/span><\/div>\n\n<div class=\"et_pb_text_11 et_pb_text et_pb_bg_layout_light et_pb_module et_flex_module\"><div class=\"et_pb_text_inner\"><p>K\u00fcche mit Arbeitsplatte, Modulen und Sp\u00fcle<\/p>\n<\/div><\/div>\n<\/div>\n<\/div>\n<\/div>\n\n<div class=\"et_pb_section_2 et_pb_section et_section_regular et_flex_section\">\n<div class=\"et_pb_row_2 et_pb_row et_flex_row\">\n<div class=\"et_pb_column_10 et_pb_column et-last-child et_flex_column et_pb_css_mix_blend_mode_passthrough et_flex_column_24_24 et_flex_column_24_24_tablet et_flex_column_24_24_phone\">\n<div class=\"et_pb_heading_0 et_pb_heading et_pb_module et_flex_module\"><div class=\"et_pb_heading_container\"><h3 class=\"et_pb_module_header\">Verschiedene Optionen f\u00fcr Design der Au\u00dfenfassade, Raumaufteilung, Bodenbelag, Bad und K\u00fcche ...<\/h3><\/div><\/div>\n\n<div class=\"et_pb_text_12 et_pb_text et_pb_bg_layout_light et_pb_module et_flex_module\"><div class=\"et_pb_text_inner\"><h4>... zu einem sehr erschwinglichen Preis!<\/h4>\n<\/div><\/div>\n<\/div>\n<\/div>\n<\/div>\n\n<div class=\"et_pb_section_3 et_pb_section et_section_regular et_block_section\"><div class=\"et_pb_row_3 et_pb_row et_block_row\"><div class=\"et_pb_column_11 et_pb_column et_pb_column_4_4 et-last-child et_block_column et_pb_css_mix_blend_mode_passthrough\"><div class=\"et_pb_image_9 et_pb_image et_pb_module et_flex_module\"><span class=\"et_pb_image_wrap\"><img loading=\"lazy\" decoding=\"async\" src=\"https:\/\/casasterramar.com\/wp-content\/uploads\/2026\/02\/CASAS-TERRAMAR.webp\" title=\"CASAS-TERRAMAR\" width=\"600\" height=\"122\" srcset=\"https:\/\/casasterramar.com\/wp-content\/uploads\/2026\/02\/CASAS-TERRAMAR.webp 600w, https:\/\/casasterramar.com\/wp-content\/uploads\/2026\/02\/CASAS-TERRAMAR-480x98.webp 480w\" sizes=\"(min-width: 0px) and (max-width: 480px) 480px, (min-width: 481px) 600px, 100vw\" class=\"wp-image-9\" \/><\/span><\/div><\/div><\/div><div class=\"et_pb_row_4 et_pb_row et_flex_row\"><div class=\"et_pb_column_12 et_pb_column et_flex_column et_pb_css_mix_blend_mode_passthrough et_flex_column_6_24 et_flex_column_12_24_tablet et_flex_column_24_24_phone\"><div class=\"et_pb_text_13 et_pb_text et_pb_bg_layout_dark et_pb_module et_block_module preset--module--divi-text--79976ab3-af39-461d-9804-fab46e287c9a\"><div class=\"et_pb_text_inner\"><h5>FERTIGH\u00c4USER<\/h5>\n<\/div><\/div><div class=\"et_pb_text_14 et_pb_text et_pb_bg_layout_light et_pb_module et_flex_module\"><div class=\"et_pb_text_inner\"><p>Bei Casas Terramar bieten wir Ihnen Ihr Fertighaus aus hochwertigen Materialien mit Energieeffizienz und maximaler Haltbarkeit.<br \/>Voll ausgestattete H\u00e4user mit einfacher Installation.<\/p>\n<\/div><\/div><\/div><div class=\"et_pb_column_13 et_pb_column et_flex_column et_pb_css_mix_blend_mode_passthrough et_flex_column_6_24 et_flex_column_12_24_tablet et_flex_column_24_24_phone\"><div class=\"et_pb_text_15 et_pb_text et_pb_bg_layout_dark et_pb_module et_block_module preset--module--divi-text--79976ab3-af39-461d-9804-fab46e287c9a\"><div class=\"et_pb_text_inner\"><h5>SCHNELLZUGRIFF<\/h5>\n<\/div><\/div><ul class=\"et_pb_icon_list_0 et_pb_icon_list et_pb_module et_flex_module\"><li class=\"et_pb_icon_list_item_0 et_pb_icon_list_item et_pb_module et_clickable et_flex_module\"><span class=\"et-pb-icon\">I<\/span><div class=\"et_pb_icon_list_text\">MODELLE<\/div><\/li><li class=\"et_pb_icon_list_item_1 et_pb_icon_list_item et_pb_module et_clickable et_flex_module\"><span class=\"et-pb-icon\">I<\/span><div class=\"et_pb_icon_list_text\">H\u00c4UFIG GESTELLTE FRAGEN<\/div><\/li><li class=\"et_pb_icon_list_item_2 et_pb_icon_list_item et_pb_module et_clickable et_flex_module\"><span class=\"et-pb-icon\">I<\/span><div class=\"et_pb_icon_list_text\">GALERIE<\/div><\/li><li class=\"et_pb_icon_list_item_3 et_pb_icon_list_item et_pb_module et_clickable et_flex_module\"><span class=\"et-pb-icon\">I<\/span><div class=\"et_pb_icon_list_text\">KONTAKT<\/div><\/li><\/ul><\/div><div class=\"et_pb_column_14 et_pb_column et_flex_column et_pb_css_mix_blend_mode_passthrough et_flex_column_6_24 et_flex_column_12_24_tablet et_flex_column_24_24_phone\"><div class=\"et_pb_text_16 et_pb_text et_pb_bg_layout_dark et_pb_module et_block_module preset--module--divi-text--79976ab3-af39-461d-9804-fab46e287c9a\"><div class=\"et_pb_text_inner\"><h5>RECHTLICHES<\/h5>\n<\/div><\/div><ul class=\"et_pb_icon_list_1 et_pb_icon_list et_pb_module et_clickable et_flex_module\"><li class=\"et_pb_icon_list_item_4 et_pb_icon_list_item et_pb_module et_clickable et_flex_module\"><span class=\"et-pb-icon\">I<\/span><div class=\"et_pb_icon_list_text\">Datenschutzerkl\u00e4rung<\/div><\/li><li class=\"et_pb_icon_list_item_5 et_pb_icon_list_item et_pb_module et_clickable et_flex_module\"><span class=\"et-pb-icon\">I<\/span><div class=\"et_pb_icon_list_text\">Cookie-Richtlinie<\/div><\/li><li class=\"et_pb_icon_list_item_6 et_pb_icon_list_item et_pb_module et_clickable et_flex_module\"><span class=\"et-pb-icon\">I<\/span><div class=\"et_pb_icon_list_text\">Rechtshinweis<\/div><\/li><\/ul><\/div><div class=\"et_pb_column_15 et_pb_column et-last-child et_flex_column et_pb_css_mix_blend_mode_passthrough et_flex_column_6_24 et_flex_column_12_24_tablet et_flex_column_24_24_phone\"><div class=\"et_pb_text_17 et_pb_text et_pb_bg_layout_dark et_pb_module et_block_module preset--module--divi-text--79976ab3-af39-461d-9804-fab46e287c9a\"><div class=\"et_pb_text_inner\"><h5>KONTAKT<\/h5>\n<\/div><\/div><ul class=\"et_pb_icon_list_2 et_pb_icon_list et_pb_module et_flex_module\"><li class=\"et_pb_icon_list_item_7 et_pb_icon_list_item et_pb_module et_flex_module\"><span class=\"et-pb-icon\">\uf879<\/span><div class=\"et_pb_icon_list_text\">+34 607 88 77 42<\/div><\/li><li class=\"et_pb_icon_list_item_8 et_pb_icon_list_item et_pb_module et_clickable et_flex_module\"><span class=\"et-pb-icon\">\ue076<\/span><div class=\"et_pb_icon_list_text\">info@casasterramar.com<\/div><\/li><li class=\"et_pb_icon_list_item_9 et_pb_icon_list_item et_pb_module et_clickable et_flex_module\"><span class=\"et-pb-icon\">\uf2bb<\/span><div class=\"et_pb_icon_list_text\">Kontaktformular<\/div><\/li><li class=\"et_pb_icon_list_item_10 et_pb_icon_list_item et_pb_module et_flex_module\"><span class=\"et-pb-icon\">\uf3c5<\/span><div class=\"et_pb_icon_list_text\">Paseo Ladrillares, 41 bajo 46780 Oliva (Valencia)<\/div><\/li><\/ul><\/div><\/div><\/div>","protected":false},"excerpt":{"rendered":"","protected":false},"author":1,"featured_media":0,"parent":0,"menu_order":0,"comment_status":"closed","ping_status":"closed","template":"","meta":{"footnotes":""},"class_list":["post-401","page","type-page","status-publish","hentry"],"_links":{"self":[{"href":"https:\/\/casasterramar.com\/de\/wp-json\/wp\/v2\/pages\/401","targetHints":{"allow":["GET"]}}],"collection":[{"href":"https:\/\/casasterramar.com\/de\/wp-json\/wp\/v2\/pages"}],"about":[{"href":"https:\/\/casasterramar.com\/de\/wp-json\/wp\/v2\/types\/page"}],"author":[{"embeddable":true,"href":"https:\/\/casasterramar.com\/de\/wp-json\/wp\/v2\/users\/1"}],"replies":[{"embeddable":true,"href":"https:\/\/casasterramar.com\/de\/wp-json\/wp\/v2\/comments?post=401"}],"version-history":[{"count":21,"href":"https:\/\/casasterramar.com\/de\/wp-json\/wp\/v2\/pages\/401\/revisions"}],"predecessor-version":[{"id":666,"href":"https:\/\/casasterramar.com\/de\/wp-json\/wp\/v2\/pages\/401\/revisions\/666"}],"wp:attachment":[{"href":"https:\/\/casasterramar.com\/de\/wp-json\/wp\/v2\/media?parent=401"}],"curies":[{"name":"wp","href":"https:\/\/api.w.org\/{rel}","templated":true}]}}